{"id":348734,"date":"2026-03-18T04:26:20","date_gmt":"2026-03-18T04:26:20","guid":{"rendered":"https:\/\/uberweedshop.cc\/product\/indica-bubbies-1000mg-gummy-pucks\/"},"modified":"2026-03-18T04:26:21","modified_gmt":"2026-03-18T04:26:21","slug":"indica-bubbies-1000mg-gummy-pucks","status":"publish","type":"product","link":"https:\/\/uberweedshop.co\/fr\/product\/indica-bubbies-1000mg-gummy-pucks\/","title":{"rendered":"Indica Bubbies 1000mg Rondelles gommeuses"},"content":{"rendered":"<p>Delicious Indica gummy candies that contain 1000mg of THC per package. Each package has 10 pieces in the bag.<\/p>","protected":false},"excerpt":{"rendered":"<p>Indica Bubbies Gummy Pucks are one of the best THC gummies on the market.<\/p>\n<p>Des gommes \u00e0 l&#039;herbe, haut la main, les meilleurs produits comestibles qui existent. Ils sont color\u00e9s et pleins de saveurs, ils ne laissent pas de d\u00e9g\u00e2ts et sont toujours disponibles. Plus important encore, ils ne tuent jamais l&#039;ambiance.<\/p>\n<p>Indica Bubbies 1000mg Gummy Pucks made with 100% RAW THC Distillate. The Puck is 1000mg, 100mg\/piece 10 per package.<\/p>\n<p>Indica Gummies contain only 10 mg a pop at the max, which makes it super simple to pace yourself, and just as easy to not. If you want a slight lift try Indica Bubbies Gummy.<\/p>\n<p>Remarque\u00a0: La posologie recommand\u00e9e est inf\u00e9rieure \u00e0 1\u00a0morceau par portion.<\/p>","protected":false},"featured_media":1005065,"comment_status":"open","ping_status":"open","template":"","meta":[],"product_brand":[],"product_cat":[952,343],"product_tag":[],"class_list":{"0":"post-348734","1":"product","2":"type-product","3":"status-publish","4":"has-post-thumbnail","6":"product_cat-candy","7":"product_cat-edibles","9":"first","10":"instock","11":"taxable","12":"shipping-taxable","13":"purchasable","14":"product-type-simple"},"yoast_head":"<!-- This site is optimized with the Yoast SEO Premium plugin v27.1 (Yoast SEO v27.1.1) - https:\/\/yoast.com\/product\/yoast-seo-premium-wordpress\/ -->\n<title>Indica Bubbies 1000mg Gummy Pucks - UberweedShop | Toronto Weed Delivery<\/title>\n<meta name=\"description\" content=\"Indica Bubbies Gummy Pucks are one of the best THC gummies on the market. Weed gummies, hands down, the best edibles out there. They\u2019re colorful and full of flavor, they don\u2019t leave a mess behind, and they\u2019re always available. More importantly, they never kill the vibe. Indica Bubbies 1000mg Gummy Pucks made with 100% RAW THC Distillate. The Puck is 1000mg, 100mg\/piece 10 per package. Indica Gummies contain only 10 mg a pop at the max, which makes it super simple to pace yourself, and just as easy to not. If you want a slight lift try Indica Bubbies Gummy. Note: Recommended dosage is less than 1 piece per serving. Buy Indica Bubbies 1000mg Gummy Pucks in Toronto. Every day we have deals and gifts for our customers. Enjoy our service and fast delivery in the GTA area. |Candy, Edibles Indica Bubbies Gummy Pucks are one of the best THC gummies on the market. Weed gummies, hands down, the best edibles out there. They\u2019re colorful and full of flavor, they don\u2019t leave a mess behind, and they\u2019re always available. More importantly, they never kill the vibe. Indica Bubbies 1000mg Gummy Pucks made with 100% RAW THC Distillate. The Puck is 1000mg, 100mg\/piece 10 per package. Indica Gummies contain only 10 mg a pop at the max, which makes it super simple to pace yourself, and just as easy to not. If you want a slight lift try Indica Bubbies Gummy. Note: Recommended dosage is less than 1 piece per serving. Indica Bubbies Gummy Pucks are one of the best THC gummies on the market. Weed gummies, hands down, the best edibles out there. They\u2019re colorful and full of flavor, they don\u2019t leave a mess behind, and they\u2019re always available. More importantly, they never kill the vibe. Indica Bubbies 1000mg Gummy Pucks made with 100% RAW THC Distillate. The Puck is 1000mg, 100mg\/piece 10 per package. Indica Gummies contain only 10 mg a pop at the max, which makes it super simple to pace yourself, and just as easy to not. If you want a slight lift try Indica Bubbies Gummy. Note: Recommended dosage is less than 1 piece per serving. | Price &#036;40.00  - CAD\" \/>\n<meta name=\"robots\" content=\"index, follow, max-snippet:-1, max-image-preview:large, max-video-preview:-1\" \/>\n<link rel=\"canonical\" href=\"https:\/\/uberweedshop.co\/fr\/product\/indica-bubbies-1000mg-gummy-pucks\/\" \/>\n<meta property=\"og:locale\" content=\"fr_CA\" \/>\n<meta property=\"og:type\" content=\"article\" \/>\n<meta property=\"og:title\" content=\"Indica Bubbies 1000mg Gummy Pucks\" \/>\n<meta property=\"og:description\" content=\"Indica Bubbies Gummy Pucks are one of the best THC gummies on the market. Weed gummies, hands down, the best edibles out there. They\u2019re colorful and full of flavor, they don\u2019t leave a mess behind, and they\u2019re always available. More importantly, they never kill the vibe. Indica Bubbies 1000mg Gummy Pucks made with 100% RAW THC Distillate. The Puck is 1000mg, 100mg\/piece 10 per package. Indica Gummies contain only 10 mg a pop at the max, which makes it super simple to pace yourself, and just as easy to not. If you want a slight lift try Indica Bubbies Gummy. Note: Recommended dosage is less than 1 piece per serving. Buy Indica Bubbies 1000mg Gummy Pucks in Toronto. Every day we have deals and gifts for our customers. Enjoy our service and fast delivery in the GTA area. |Candy, Edibles Indica Bubbies Gummy Pucks are one of the best THC gummies on the market. Weed gummies, hands down, the best edibles out there. They\u2019re colorful and full of flavor, they don\u2019t leave a mess behind, and they\u2019re always available. More importantly, they never kill the vibe. Indica Bubbies 1000mg Gummy Pucks made with 100% RAW THC Distillate. The Puck is 1000mg, 100mg\/piece 10 per package. Indica Gummies contain only 10 mg a pop at the max, which makes it super simple to pace yourself, and just as easy to not. If you want a slight lift try Indica Bubbies Gummy. Note: Recommended dosage is less than 1 piece per serving. Indica Bubbies Gummy Pucks are one of the best THC gummies on the market. Weed gummies, hands down, the best edibles out there. They\u2019re colorful and full of flavor, they don\u2019t leave a mess behind, and they\u2019re always available. More importantly, they never kill the vibe. Indica Bubbies 1000mg Gummy Pucks made with 100% RAW THC Distillate. The Puck is 1000mg, 100mg\/piece 10 per package. Indica Gummies contain only 10 mg a pop at the max, which makes it super simple to pace yourself, and just as easy to not. If you want a slight lift try Indica Bubbies Gummy. Note: Recommended dosage is less than 1 piece per serving. | Price &#036;40.00  - CAD\" \/>\n<meta property=\"og:url\" content=\"https:\/\/uberweedshop.co\/fr\/product\/indica-bubbies-1000mg-gummy-pucks\/\" \/>\n<meta property=\"og:site_name\" content=\"UberweedShop | Toronto Weed Delivery\" \/>\n<meta property=\"article:modified_time\" content=\"2026-03-18T04:26:21+00:00\" \/>\n<meta property=\"og:image\" content=\"https:\/\/uberweedshop.co\/wp-content\/uploads\/image-3.png\" \/>\n\t<meta property=\"og:image:width\" content=\"325\" \/>\n\t<meta property=\"og:image:height\" content=\"325\" \/>\n\t<meta property=\"og:image:type\" content=\"image\/png\" \/>\n<meta name=\"twitter:card\" content=\"summary_large_image\" \/>\n<meta name=\"twitter:label1\" content=\"Price\" \/>\n\t<meta name=\"twitter:data1\" content=\"&#036;40.00\" \/>\n\t<meta name=\"twitter:label2\" content=\"Availability\" \/>\n\t<meta name=\"twitter:data2\" content=\"In stock\" \/>\n<script type=\"application\/ld+json\" class=\"yoast-schema-graph\">{\"@context\":\"https:\/\/schema.org\",\"@graph\":[{\"@type\":[\"WebPage\",\"ItemPage\"],\"@id\":\"https:\/\/uberweedshop.co\/product\/indica-bubbies-1000mg-gummy-pucks\/\",\"url\":\"https:\/\/uberweedshop.co\/product\/indica-bubbies-1000mg-gummy-pucks\/\",\"name\":\"Indica Bubbies 1000mg Gummy Pucks - UberweedShop | Toronto Weed Delivery\",\"isPartOf\":{\"@id\":\"https:\/\/uberweedshop.co\/#website\"},\"primaryImageOfPage\":{\"@id\":\"https:\/\/uberweedshop.co\/product\/indica-bubbies-1000mg-gummy-pucks\/#primaryimage\"},\"image\":{\"@id\":\"https:\/\/uberweedshop.co\/product\/indica-bubbies-1000mg-gummy-pucks\/#primaryimage\"},\"thumbnailUrl\":\"https:\/\/uberweedshop.co\/wp-content\/uploads\/image-3.png\",\"datePublished\":\"2026-03-18T04:26:20+00:00\",\"dateModified\":\"2026-03-18T04:26:21+00:00\",\"description\":\"Indica Bubbies Gummy Pucks are one of the best THC gummies on the market. Weed gummies, hands down, the best edibles out there. They\u2019re colorful and full of flavor, they don\u2019t leave a mess behind, and they\u2019re always available. More importantly, they never kill the vibe. Indica Bubbies 1000mg Gummy Pucks made with 100% RAW THC Distillate. The Puck is 1000mg, 100mg\/piece 10 per package. Indica Gummies contain only 10 mg a pop at the max, which makes it super simple to pace yourself, and just as easy to not. If you want a slight lift try Indica Bubbies Gummy. Note: Recommended dosage is less than 1 piece per serving. Buy Indica Bubbies 1000mg Gummy Pucks in Toronto. Every day we have deals and gifts for our customers. Enjoy our service and fast delivery in the GTA area. |Candy, Edibles Indica Bubbies Gummy Pucks are one of the best THC gummies on the market. Weed gummies, hands down, the best edibles out there. They\u2019re colorful and full of flavor, they don\u2019t leave a mess behind, and they\u2019re always available. More importantly, they never kill the vibe. Indica Bubbies 1000mg Gummy Pucks made with 100% RAW THC Distillate. The Puck is 1000mg, 100mg\/piece 10 per package. Indica Gummies contain only 10 mg a pop at the max, which makes it super simple to pace yourself, and just as easy to not. If you want a slight lift try Indica Bubbies Gummy. Note: Recommended dosage is less than 1 piece per serving. Indica Bubbies Gummy Pucks are one of the best THC gummies on the market. Weed gummies, hands down, the best edibles out there. They\u2019re colorful and full of flavor, they don\u2019t leave a mess behind, and they\u2019re always available. More importantly, they never kill the vibe. Indica Bubbies 1000mg Gummy Pucks made with 100% RAW THC Distillate. The Puck is 1000mg, 100mg\/piece 10 per package. Indica Gummies contain only 10 mg a pop at the max, which makes it super simple to pace yourself, and just as easy to not. If you want a slight lift try Indica Bubbies Gummy. Note: Recommended dosage is less than 1 piece per serving. | Price &#36;40.00 - CAD\",\"breadcrumb\":{\"@id\":\"https:\/\/uberweedshop.co\/product\/indica-bubbies-1000mg-gummy-pucks\/#breadcrumb\"},\"inLanguage\":\"fr-CA\",\"potentialAction\":[{\"@type\":\"ReadAction\",\"target\":[\"https:\/\/uberweedshop.co\/product\/indica-bubbies-1000mg-gummy-pucks\/\"]}]},{\"@type\":\"ImageObject\",\"inLanguage\":\"fr-CA\",\"@id\":\"https:\/\/uberweedshop.co\/product\/indica-bubbies-1000mg-gummy-pucks\/#primaryimage\",\"url\":\"https:\/\/uberweedshop.co\/wp-content\/uploads\/image-3.png\",\"contentUrl\":\"https:\/\/uberweedshop.co\/wp-content\/uploads\/image-3.png\",\"width\":325,\"height\":325,\"caption\":\"Indica Bubbies Gummy Pucks\"},{\"@type\":\"BreadcrumbList\",\"@id\":\"https:\/\/uberweedshop.co\/product\/indica-bubbies-1000mg-gummy-pucks\/#breadcrumb\",\"itemListElement\":[{\"@type\":\"ListItem\",\"position\":1,\"name\":\"Home\",\"item\":\"https:\/\/uberweedshop.co\/\"},{\"@type\":\"ListItem\",\"position\":2,\"name\":\"Shop\",\"item\":\"https:\/\/uberweedshop.com\/shop\/\"},{\"@type\":\"ListItem\",\"position\":3,\"name\":\"Edibles\",\"item\":\"https:\/\/uberweedshop.com\/product-category\/edibles\/\"},{\"@type\":\"ListItem\",\"position\":4,\"name\":\"Candy\",\"item\":\"https:\/\/uberweedshop.com\/product-category\/edibles\/candy\/\"},{\"@type\":\"ListItem\",\"position\":5,\"name\":\"Indica Bubbies 1000mg Gummy Pucks\"}]},{\"@type\":\"WebSite\",\"@id\":\"https:\/\/uberweedshop.co\/#website\",\"url\":\"https:\/\/uberweedshop.co\/\",\"name\":\"UberweedShop | Toronto Weed Delivery\",\"description\":\"Uberweed reigns supreme in Toronto&#039;s cannabis scene, offering lightning-fast online weed purchases in the GTA with the most competitive prices. Plus, orders over $80 score you free delivery.\",\"publisher\":{\"@id\":\"https:\/\/uberweedshop.co\/#organization\"},\"potentialAction\":[{\"@type\":\"SearchAction\",\"target\":{\"@type\":\"EntryPoint\",\"urlTemplate\":\"https:\/\/uberweedshop.co\/?s={search_term_string}\"},\"query-input\":{\"@type\":\"PropertyValueSpecification\",\"valueRequired\":true,\"valueName\":\"search_term_string\"}}],\"inLanguage\":\"fr-CA\"},{\"@type\":\"Organization\",\"@id\":\"https:\/\/uberweedshop.co\/#organization\",\"name\":\"UberweedShop\",\"url\":\"https:\/\/uberweedshop.co\/\",\"logo\":{\"@type\":\"ImageObject\",\"inLanguage\":\"fr-CA\",\"@id\":\"https:\/\/uberweedshop.co\/#\/schema\/logo\/image\/\",\"url\":\"https:\/\/uberweedshop.co\/wp-content\/uploads\/uber-logo.png\",\"contentUrl\":\"https:\/\/uberweedshop.co\/wp-content\/uploads\/uber-logo.png\",\"width\":1100,\"height\":550,\"caption\":\"UberweedShop\"},\"image\":{\"@id\":\"https:\/\/uberweedshop.co\/#\/schema\/logo\/image\/\"}}]}<\/script>\n<meta property=\"product:price:amount\" content=\"40.00\" \/>\n<meta property=\"product:price:currency\" content=\"CAD\" \/>\n<meta property=\"og:availability\" content=\"instock\" \/>\n<meta property=\"product:availability\" content=\"instock\" \/>\n<meta property=\"product:retailer_item_id\" content=\"v7-Indica Bubbies 1000mg Gummy Pucks-3740\" \/>\n<meta property=\"product:condition\" content=\"new\" \/>\n<!-- \/ Yoast SEO Premium plugin. -->","yoast_head_json":{"title":"Indica Bubbies 1000mg Gummy Pucks - UberweedShop | Toronto Weed Delivery","description":"Indica Bubbies Gummy Pucks are one of the best THC gummies on the market. Weed gummies, hands down, the best edibles out there. They\u2019re colorful and full of flavor, they don\u2019t leave a mess behind, and they\u2019re always available. More importantly, they never kill the vibe. Indica Bubbies 1000mg Gummy Pucks made with 100% RAW THC Distillate. The Puck is 1000mg, 100mg\/piece 10 per package. Indica Gummies contain only 10 mg a pop at the max, which makes it super simple to pace yourself, and just as easy to not. If you want a slight lift try Indica Bubbies Gummy. Note: Recommended dosage is less than 1 piece per serving. Buy Indica Bubbies 1000mg Gummy Pucks in Toronto. Every day we have deals and gifts for our customers. Enjoy our service and fast delivery in the GTA area. |Candy, Edibles Indica Bubbies Gummy Pucks are one of the best THC gummies on the market. Weed gummies, hands down, the best edibles out there. They\u2019re colorful and full of flavor, they don\u2019t leave a mess behind, and they\u2019re always available. More importantly, they never kill the vibe. Indica Bubbies 1000mg Gummy Pucks made with 100% RAW THC Distillate. The Puck is 1000mg, 100mg\/piece 10 per package. Indica Gummies contain only 10 mg a pop at the max, which makes it super simple to pace yourself, and just as easy to not. If you want a slight lift try Indica Bubbies Gummy. Note: Recommended dosage is less than 1 piece per serving. Indica Bubbies Gummy Pucks are one of the best THC gummies on the market. Weed gummies, hands down, the best edibles out there. They\u2019re colorful and full of flavor, they don\u2019t leave a mess behind, and they\u2019re always available. More importantly, they never kill the vibe. Indica Bubbies 1000mg Gummy Pucks made with 100% RAW THC Distillate. The Puck is 1000mg, 100mg\/piece 10 per package. Indica Gummies contain only 10 mg a pop at the max, which makes it super simple to pace yourself, and just as easy to not. If you want a slight lift try Indica Bubbies Gummy. Note: Recommended dosage is less than 1 piece per serving. | Price &#36;40.00  - CAD","robots":{"index":"index","follow":"follow","max-snippet":"max-snippet:-1","max-image-preview":"max-image-preview:large","max-video-preview":"max-video-preview:-1"},"canonical":"https:\/\/uberweedshop.co\/fr\/product\/indica-bubbies-1000mg-gummy-pucks\/","og_locale":"fr_CA","og_type":"article","og_title":"Indica Bubbies 1000mg Gummy Pucks","og_description":"Indica Bubbies Gummy Pucks are one of the best THC gummies on the market. Weed gummies, hands down, the best edibles out there. They\u2019re colorful and full of flavor, they don\u2019t leave a mess behind, and they\u2019re always available. More importantly, they never kill the vibe. Indica Bubbies 1000mg Gummy Pucks made with 100% RAW THC Distillate. The Puck is 1000mg, 100mg\/piece 10 per package. Indica Gummies contain only 10 mg a pop at the max, which makes it super simple to pace yourself, and just as easy to not. If you want a slight lift try Indica Bubbies Gummy. Note: Recommended dosage is less than 1 piece per serving. Buy Indica Bubbies 1000mg Gummy Pucks in Toronto. Every day we have deals and gifts for our customers. Enjoy our service and fast delivery in the GTA area. |Candy, Edibles Indica Bubbies Gummy Pucks are one of the best THC gummies on the market. Weed gummies, hands down, the best edibles out there. They\u2019re colorful and full of flavor, they don\u2019t leave a mess behind, and they\u2019re always available. More importantly, they never kill the vibe. Indica Bubbies 1000mg Gummy Pucks made with 100% RAW THC Distillate. The Puck is 1000mg, 100mg\/piece 10 per package. Indica Gummies contain only 10 mg a pop at the max, which makes it super simple to pace yourself, and just as easy to not. If you want a slight lift try Indica Bubbies Gummy. Note: Recommended dosage is less than 1 piece per serving. Indica Bubbies Gummy Pucks are one of the best THC gummies on the market. Weed gummies, hands down, the best edibles out there. They\u2019re colorful and full of flavor, they don\u2019t leave a mess behind, and they\u2019re always available. More importantly, they never kill the vibe. Indica Bubbies 1000mg Gummy Pucks made with 100% RAW THC Distillate. The Puck is 1000mg, 100mg\/piece 10 per package. Indica Gummies contain only 10 mg a pop at the max, which makes it super simple to pace yourself, and just as easy to not. If you want a slight lift try Indica Bubbies Gummy. Note: Recommended dosage is less than 1 piece per serving. | Price &#36;40.00  - CAD","og_url":"https:\/\/uberweedshop.co\/fr\/product\/indica-bubbies-1000mg-gummy-pucks\/","og_site_name":"UberweedShop | Toronto Weed Delivery","article_modified_time":"2026-03-18T04:26:21+00:00","og_image":[{"width":325,"height":325,"url":"https:\/\/uberweedshop.co\/wp-content\/uploads\/image-3.png","type":"image\/png"}],"twitter_card":"summary_large_image","twitter_misc":{"Price":"&#36;40.00","Availability":"In stock"},"schema":{"@context":"https:\/\/schema.org","@graph":[{"@type":["WebPage","ItemPage"],"@id":"https:\/\/uberweedshop.co\/product\/indica-bubbies-1000mg-gummy-pucks\/","url":"https:\/\/uberweedshop.co\/product\/indica-bubbies-1000mg-gummy-pucks\/","name":"Indica Bubbies 1000mg Gummy Pucks - UberweedShop | Toronto Weed Delivery","isPartOf":{"@id":"https:\/\/uberweedshop.co\/#website"},"primaryImageOfPage":{"@id":"https:\/\/uberweedshop.co\/product\/indica-bubbies-1000mg-gummy-pucks\/#primaryimage"},"image":{"@id":"https:\/\/uberweedshop.co\/product\/indica-bubbies-1000mg-gummy-pucks\/#primaryimage"},"thumbnailUrl":"https:\/\/uberweedshop.co\/wp-content\/uploads\/image-3.png","datePublished":"2026-03-18T04:26:20+00:00","dateModified":"2026-03-18T04:26:21+00:00","description":"Indica Bubbies Gummy Pucks are one of the best THC gummies on the market. Weed gummies, hands down, the best edibles out there. They\u2019re colorful and full of flavor, they don\u2019t leave a mess behind, and they\u2019re always available. More importantly, they never kill the vibe. Indica Bubbies 1000mg Gummy Pucks made with 100% RAW THC Distillate. The Puck is 1000mg, 100mg\/piece 10 per package. Indica Gummies contain only 10 mg a pop at the max, which makes it super simple to pace yourself, and just as easy to not. If you want a slight lift try Indica Bubbies Gummy. Note: Recommended dosage is less than 1 piece per serving. Buy Indica Bubbies 1000mg Gummy Pucks in Toronto. Every day we have deals and gifts for our customers. Enjoy our service and fast delivery in the GTA area. |Candy, Edibles Indica Bubbies Gummy Pucks are one of the best THC gummies on the market. Weed gummies, hands down, the best edibles out there. They\u2019re colorful and full of flavor, they don\u2019t leave a mess behind, and they\u2019re always available. More importantly, they never kill the vibe. Indica Bubbies 1000mg Gummy Pucks made with 100% RAW THC Distillate. The Puck is 1000mg, 100mg\/piece 10 per package. Indica Gummies contain only 10 mg a pop at the max, which makes it super simple to pace yourself, and just as easy to not. If you want a slight lift try Indica Bubbies Gummy. Note: Recommended dosage is less than 1 piece per serving. Indica Bubbies Gummy Pucks are one of the best THC gummies on the market. Weed gummies, hands down, the best edibles out there. They\u2019re colorful and full of flavor, they don\u2019t leave a mess behind, and they\u2019re always available. More importantly, they never kill the vibe. Indica Bubbies 1000mg Gummy Pucks made with 100% RAW THC Distillate. The Puck is 1000mg, 100mg\/piece 10 per package. Indica Gummies contain only 10 mg a pop at the max, which makes it super simple to pace yourself, and just as easy to not. If you want a slight lift try Indica Bubbies Gummy. Note: Recommended dosage is less than 1 piece per serving. | Price &#36;40.00 - CAD","breadcrumb":{"@id":"https:\/\/uberweedshop.co\/product\/indica-bubbies-1000mg-gummy-pucks\/#breadcrumb"},"inLanguage":"fr-CA","potentialAction":[{"@type":"ReadAction","target":["https:\/\/uberweedshop.co\/product\/indica-bubbies-1000mg-gummy-pucks\/"]}]},{"@type":"ImageObject","inLanguage":"fr-CA","@id":"https:\/\/uberweedshop.co\/product\/indica-bubbies-1000mg-gummy-pucks\/#primaryimage","url":"https:\/\/uberweedshop.co\/wp-content\/uploads\/image-3.png","contentUrl":"https:\/\/uberweedshop.co\/wp-content\/uploads\/image-3.png","width":325,"height":325,"caption":"Indica Bubbies Gummy Pucks"},{"@type":"BreadcrumbList","@id":"https:\/\/uberweedshop.co\/product\/indica-bubbies-1000mg-gummy-pucks\/#breadcrumb","itemListElement":[{"@type":"ListItem","position":1,"name":"Home","item":"https:\/\/uberweedshop.co\/"},{"@type":"ListItem","position":2,"name":"Shop","item":"https:\/\/uberweedshop.com\/shop\/"},{"@type":"ListItem","position":3,"name":"Edibles","item":"https:\/\/uberweedshop.com\/product-category\/edibles\/"},{"@type":"ListItem","position":4,"name":"Candy","item":"https:\/\/uberweedshop.com\/product-category\/edibles\/candy\/"},{"@type":"ListItem","position":5,"name":"Indica Bubbies 1000mg Gummy Pucks"}]},{"@type":"WebSite","@id":"https:\/\/uberweedshop.co\/#website","url":"https:\/\/uberweedshop.co\/","name":"UberweedBoutique | Livraison de mauvaises herbes \u00e0 Toronto","description":"Uberweed reigns supreme in Toronto&#039;s cannabis scene, offering lightning-fast online weed purchases in the GTA with the most competitive prices. Plus, orders over $80 score you free delivery.","publisher":{"@id":"https:\/\/uberweedshop.co\/#organization"},"potentialAction":[{"@type":"SearchAction","target":{"@type":"EntryPoint","urlTemplate":"https:\/\/uberweedshop.co\/?s={search_term_string}"},"query-input":{"@type":"PropertyValueSpecification","valueRequired":true,"valueName":"search_term_string"}}],"inLanguage":"fr-CA"},{"@type":"Organization","@id":"https:\/\/uberweedshop.co\/#organization","name":"UberweedShop","url":"https:\/\/uberweedshop.co\/","logo":{"@type":"ImageObject","inLanguage":"fr-CA","@id":"https:\/\/uberweedshop.co\/#\/schema\/logo\/image\/","url":"https:\/\/uberweedshop.co\/wp-content\/uploads\/uber-logo.png","contentUrl":"https:\/\/uberweedshop.co\/wp-content\/uploads\/uber-logo.png","width":1100,"height":550,"caption":"UberweedShop"},"image":{"@id":"https:\/\/uberweedshop.co\/#\/schema\/logo\/image\/"}}]},"product_price_amount":"40.00","product_price_currency":"CAD","og_availability":"instock","product_availability":"instock","product_retailer_item_id":"v7-Indica Bubbies 1000mg Gummy Pucks-3740","product_condition":"new"},"_links":{"self":[{"href":"https:\/\/uberweedshop.co\/fr\/wp-json\/wp\/v2\/product\/348734","targetHints":{"allow":["GET"]}}],"collection":[{"href":"https:\/\/uberweedshop.co\/fr\/wp-json\/wp\/v2\/product"}],"about":[{"href":"https:\/\/uberweedshop.co\/fr\/wp-json\/wp\/v2\/types\/product"}],"replies":[{"embeddable":true,"href":"https:\/\/uberweedshop.co\/fr\/wp-json\/wp\/v2\/comments?post=348734"}],"wp:featuredmedia":[{"embeddable":true,"href":"https:\/\/uberweedshop.co\/fr\/wp-json\/wp\/v2\/media\/1005065"}],"wp:attachment":[{"href":"https:\/\/uberweedshop.co\/fr\/wp-json\/wp\/v2\/media?parent=348734"}],"wp:term":[{"taxonomy":"product_brand","embeddable":true,"href":"https:\/\/uberweedshop.co\/fr\/wp-json\/wp\/v2\/product_brand?post=348734"},{"taxonomy":"product_cat","embeddable":true,"href":"https:\/\/uberweedshop.co\/fr\/wp-json\/wp\/v2\/product_cat?post=348734"},{"taxonomy":"product_tag","embeddable":true,"href":"https:\/\/uberweedshop.co\/fr\/wp-json\/wp\/v2\/product_tag?post=348734"}],"curies":[{"name":"wp","href":"https:\/\/api.w.org\/{rel}","templated":true}]}}