{"id":348730,"date":"2026-03-18T04:26:13","date_gmt":"2026-03-18T04:26:13","guid":{"rendered":"https:\/\/uberweedshop.cc\/product\/sativa-bubbies-1000mg-gummy-pucks\/"},"modified":"2026-03-18T04:26:17","modified_gmt":"2026-03-18T04:26:17","slug":"sativa-bubbies-1000mg-gummy-pucks","status":"publish","type":"product","link":"https:\/\/uberweedshop.co\/fr\/product\/sativa-bubbies-1000mg-gummy-pucks\/","title":{"rendered":"Sativa Bubbies 1000mg Rondelles gommeuses"},"content":{"rendered":"<p>Delicious Sativa gummy candies that contain 1000mg of THC per package. Each package has 10 pieces in the bag.<\/p>","protected":false},"excerpt":{"rendered":"<p>Les gommes Sativa de Bubbie&#039;s Baked Goods sont l&#039;une des meilleures gommes au THC sur le march\u00e9.<br \/>\nSativa bubbies gummy pucks, hands down, the best edibles out there. They\u2019re colorful and full of flavor, they don\u2019t leave a mess behind, and they\u2019re always available. More importantly, they never kill the vibe.<br \/>\nSativa Gummies \u00e0 base de distillat RAW THC 100%. Le Puck est de 1000 mg, 100 mg\/pi\u00e8ce 10 par paquet.<\/p>\n<p>Sativa Gummies ne contient que 10 mg par pop au maximum, ce qui le rend super simple \u00e0 suivre et tout aussi facile \u00e0 ne pas faire. Si vous voulez un l\u00e9ger lifting, essayez Sativa Bubbies 1000mg Gummy Pucks.<\/p>\n<p>Remarque\u00a0: La posologie recommand\u00e9e est inf\u00e9rieure \u00e0 1\u00a0morceau par portion.<\/p>","protected":false},"featured_media":1005064,"comment_status":"open","ping_status":"open","template":"","meta":[],"product_brand":[],"product_cat":[952,343],"product_tag":[],"class_list":{"0":"post-348730","1":"product","2":"type-product","3":"status-publish","4":"has-post-thumbnail","6":"product_cat-candy","7":"product_cat-edibles","9":"first","10":"outofstock","11":"taxable","12":"shipping-taxable","13":"purchasable","14":"product-type-simple"},"yoast_head":"<!-- This site is optimized with the Yoast SEO Premium plugin v27.1 (Yoast SEO v27.1.1) - https:\/\/yoast.com\/product\/yoast-seo-premium-wordpress\/ -->\n<title>Sativa Bubbies 1000mg Gummy Pucks - UberweedShop | Toronto Weed Delivery<\/title>\n<meta name=\"description\" content=\"Sativa Gummies by Bubbie\u2019s Baked Goods are one of the best THC gummies on the market. Sativa bubbies gummy pucks, hands down, the best edibles out there. They\u2019re colorful and full of flavor, they don\u2019t leave a mess behind, and they\u2019re always available. More importantly, they never kill the vibe. Sativa Gummies made with 100% RAW THC Distillate. The Puck is 1000mg, 100mg\/piece 10 per package. Sativa Gummies contain only 10 mg a pop at the max, which makes it super simple to pace yourself, and just as easy to not. If you want a slight lift try Sativa Bubbies 1000mg Gummy Pucks. Note: Recommended dosage is less than 1 piece per serving. Buy Sativa Bubbies 1000mg Gummy Pucks in Toronto. Every day we have deals and gifts for our customers. Enjoy our service and fast delivery in the GTA area. |Candy, Edibles Sativa Gummies by Bubbie\u2019s Baked Goods are one of the best THC gummies on the market. Sativa bubbies gummy pucks, hands down, the best edibles out there. They\u2019re colorful and full of flavor, they don\u2019t leave a mess behind, and they\u2019re always available. More importantly, they never kill the vibe. Sativa Gummies made with 100% RAW THC Distillate. The Puck is 1000mg, 100mg\/piece 10 per package. Sativa Gummies contain only 10 mg a pop at the max, which makes it super simple to pace yourself, and just as easy to not. If you want a slight lift try Sativa Bubbies 1000mg Gummy Pucks. Note: Recommended dosage is less than 1 piece per serving. Sativa Gummies by Bubbie\u2019s Baked Goods are one of the best THC gummies on the market. Sativa bubbies gummy pucks, hands down, the best edibles out there. They\u2019re colorful and full of flavor, they don\u2019t leave a mess behind, and they\u2019re always available. More importantly, they never kill the vibe. Sativa Gummies made with 100% RAW THC Distillate. The Puck is 1000mg, 100mg\/piece 10 per package. Sativa Gummies contain only 10 mg a pop at the max, which makes it super simple to pace yourself, and just as easy to not. If you want a slight lift try Sativa Bubbies 1000mg Gummy Pucks. Note: Recommended dosage is less than 1 piece per serving. | Price &#036;40.00  - CAD\" \/>\n<meta name=\"robots\" content=\"index, follow, max-snippet:-1, max-image-preview:large, max-video-preview:-1\" \/>\n<link rel=\"canonical\" href=\"https:\/\/uberweedshop.co\/fr\/product\/sativa-bubbies-1000mg-gummy-pucks\/\" \/>\n<meta property=\"og:locale\" content=\"fr_CA\" \/>\n<meta property=\"og:type\" content=\"article\" \/>\n<meta property=\"og:title\" content=\"Sativa Bubbies 1000mg Gummy Pucks\" \/>\n<meta property=\"og:description\" content=\"Sativa Gummies by Bubbie\u2019s Baked Goods are one of the best THC gummies on the market. Sativa bubbies gummy pucks, hands down, the best edibles out there. They\u2019re colorful and full of flavor, they don\u2019t leave a mess behind, and they\u2019re always available. More importantly, they never kill the vibe. Sativa Gummies made with 100% RAW THC Distillate. The Puck is 1000mg, 100mg\/piece 10 per package. Sativa Gummies contain only 10 mg a pop at the max, which makes it super simple to pace yourself, and just as easy to not. If you want a slight lift try Sativa Bubbies 1000mg Gummy Pucks. Note: Recommended dosage is less than 1 piece per serving. Buy Sativa Bubbies 1000mg Gummy Pucks in Toronto. Every day we have deals and gifts for our customers. Enjoy our service and fast delivery in the GTA area. |Candy, Edibles Sativa Gummies by Bubbie\u2019s Baked Goods are one of the best THC gummies on the market. Sativa bubbies gummy pucks, hands down, the best edibles out there. They\u2019re colorful and full of flavor, they don\u2019t leave a mess behind, and they\u2019re always available. More importantly, they never kill the vibe. Sativa Gummies made with 100% RAW THC Distillate. The Puck is 1000mg, 100mg\/piece 10 per package. Sativa Gummies contain only 10 mg a pop at the max, which makes it super simple to pace yourself, and just as easy to not. If you want a slight lift try Sativa Bubbies 1000mg Gummy Pucks. Note: Recommended dosage is less than 1 piece per serving. Sativa Gummies by Bubbie\u2019s Baked Goods are one of the best THC gummies on the market. Sativa bubbies gummy pucks, hands down, the best edibles out there. They\u2019re colorful and full of flavor, they don\u2019t leave a mess behind, and they\u2019re always available. More importantly, they never kill the vibe. Sativa Gummies made with 100% RAW THC Distillate. The Puck is 1000mg, 100mg\/piece 10 per package. Sativa Gummies contain only 10 mg a pop at the max, which makes it super simple to pace yourself, and just as easy to not. If you want a slight lift try Sativa Bubbies 1000mg Gummy Pucks. Note: Recommended dosage is less than 1 piece per serving. | Price &#036;40.00  - CAD\" \/>\n<meta property=\"og:url\" content=\"https:\/\/uberweedshop.co\/fr\/product\/sativa-bubbies-1000mg-gummy-pucks\/\" \/>\n<meta property=\"og:site_name\" content=\"UberweedShop | Toronto Weed Delivery\" \/>\n<meta property=\"article:modified_time\" content=\"2026-03-18T04:26:17+00:00\" \/>\n<meta property=\"og:image\" content=\"https:\/\/uberweedshop.co\/wp-content\/uploads\/image-1.png\" \/>\n\t<meta property=\"og:image:width\" content=\"325\" \/>\n\t<meta property=\"og:image:height\" content=\"325\" \/>\n\t<meta property=\"og:image:type\" content=\"image\/png\" \/>\n<meta name=\"twitter:card\" content=\"summary_large_image\" \/>\n<meta name=\"twitter:label1\" content=\"Price\" \/>\n\t<meta name=\"twitter:data1\" content=\"&#036;40.00\" \/>\n\t<meta name=\"twitter:label2\" content=\"Availability\" \/>\n\t<meta name=\"twitter:data2\" content=\"Out of stock\" \/>\n<script type=\"application\/ld+json\" class=\"yoast-schema-graph\">{\"@context\":\"https:\/\/schema.org\",\"@graph\":[{\"@type\":[\"WebPage\",\"ItemPage\"],\"@id\":\"https:\/\/uberweedshop.co\/product\/sativa-bubbies-1000mg-gummy-pucks\/\",\"url\":\"https:\/\/uberweedshop.co\/product\/sativa-bubbies-1000mg-gummy-pucks\/\",\"name\":\"Sativa Bubbies 1000mg Gummy Pucks - UberweedShop | Toronto Weed Delivery\",\"isPartOf\":{\"@id\":\"https:\/\/uberweedshop.co\/#website\"},\"primaryImageOfPage\":{\"@id\":\"https:\/\/uberweedshop.co\/product\/sativa-bubbies-1000mg-gummy-pucks\/#primaryimage\"},\"image\":{\"@id\":\"https:\/\/uberweedshop.co\/product\/sativa-bubbies-1000mg-gummy-pucks\/#primaryimage\"},\"thumbnailUrl\":\"https:\/\/uberweedshop.co\/wp-content\/uploads\/image-1.png\",\"datePublished\":\"2026-03-18T04:26:13+00:00\",\"dateModified\":\"2026-03-18T04:26:17+00:00\",\"description\":\"Sativa Gummies by Bubbie\u2019s Baked Goods are one of the best THC gummies on the market. Sativa bubbies gummy pucks, hands down, the best edibles out there. They\u2019re colorful and full of flavor, they don\u2019t leave a mess behind, and they\u2019re always available. More importantly, they never kill the vibe. Sativa Gummies made with 100% RAW THC Distillate. The Puck is 1000mg, 100mg\/piece 10 per package. Sativa Gummies contain only 10 mg a pop at the max, which makes it super simple to pace yourself, and just as easy to not. If you want a slight lift try Sativa Bubbies 1000mg Gummy Pucks. Note: Recommended dosage is less than 1 piece per serving. Buy Sativa Bubbies 1000mg Gummy Pucks in Toronto. Every day we have deals and gifts for our customers. Enjoy our service and fast delivery in the GTA area. |Candy, Edibles Sativa Gummies by Bubbie\u2019s Baked Goods are one of the best THC gummies on the market. Sativa bubbies gummy pucks, hands down, the best edibles out there. They\u2019re colorful and full of flavor, they don\u2019t leave a mess behind, and they\u2019re always available. More importantly, they never kill the vibe. Sativa Gummies made with 100% RAW THC Distillate. The Puck is 1000mg, 100mg\/piece 10 per package. Sativa Gummies contain only 10 mg a pop at the max, which makes it super simple to pace yourself, and just as easy to not. If you want a slight lift try Sativa Bubbies 1000mg Gummy Pucks. Note: Recommended dosage is less than 1 piece per serving. Sativa Gummies by Bubbie\u2019s Baked Goods are one of the best THC gummies on the market. Sativa bubbies gummy pucks, hands down, the best edibles out there. They\u2019re colorful and full of flavor, they don\u2019t leave a mess behind, and they\u2019re always available. More importantly, they never kill the vibe. Sativa Gummies made with 100% RAW THC Distillate. The Puck is 1000mg, 100mg\/piece 10 per package. Sativa Gummies contain only 10 mg a pop at the max, which makes it super simple to pace yourself, and just as easy to not. If you want a slight lift try Sativa Bubbies 1000mg Gummy Pucks. Note: Recommended dosage is less than 1 piece per serving. | Price &#36;40.00 - CAD\",\"breadcrumb\":{\"@id\":\"https:\/\/uberweedshop.co\/product\/sativa-bubbies-1000mg-gummy-pucks\/#breadcrumb\"},\"inLanguage\":\"fr-CA\",\"potentialAction\":[{\"@type\":\"ReadAction\",\"target\":[\"https:\/\/uberweedshop.co\/product\/sativa-bubbies-1000mg-gummy-pucks\/\"]}]},{\"@type\":\"ImageObject\",\"inLanguage\":\"fr-CA\",\"@id\":\"https:\/\/uberweedshop.co\/product\/sativa-bubbies-1000mg-gummy-pucks\/#primaryimage\",\"url\":\"https:\/\/uberweedshop.co\/wp-content\/uploads\/image-1.png\",\"contentUrl\":\"https:\/\/uberweedshop.co\/wp-content\/uploads\/image-1.png\",\"width\":325,\"height\":325,\"caption\":\"Indica Bubbies Gummy Pucks\"},{\"@type\":\"BreadcrumbList\",\"@id\":\"https:\/\/uberweedshop.co\/product\/sativa-bubbies-1000mg-gummy-pucks\/#breadcrumb\",\"itemListElement\":[{\"@type\":\"ListItem\",\"position\":1,\"name\":\"Home\",\"item\":\"https:\/\/uberweedshop.co\/\"},{\"@type\":\"ListItem\",\"position\":2,\"name\":\"Shop\",\"item\":\"https:\/\/uberweedshop.com\/shop\/\"},{\"@type\":\"ListItem\",\"position\":3,\"name\":\"Edibles\",\"item\":\"https:\/\/uberweedshop.com\/product-category\/edibles\/\"},{\"@type\":\"ListItem\",\"position\":4,\"name\":\"Candy\",\"item\":\"https:\/\/uberweedshop.com\/product-category\/edibles\/candy\/\"},{\"@type\":\"ListItem\",\"position\":5,\"name\":\"Sativa Bubbies 1000mg Gummy Pucks\"}]},{\"@type\":\"WebSite\",\"@id\":\"https:\/\/uberweedshop.co\/#website\",\"url\":\"https:\/\/uberweedshop.co\/\",\"name\":\"UberweedShop | Toronto Weed Delivery\",\"description\":\"Uberweed reigns supreme in Toronto&#039;s cannabis scene, offering lightning-fast online weed purchases in the GTA with the most competitive prices. Plus, orders over $80 score you free delivery.\",\"publisher\":{\"@id\":\"https:\/\/uberweedshop.co\/#organization\"},\"potentialAction\":[{\"@type\":\"SearchAction\",\"target\":{\"@type\":\"EntryPoint\",\"urlTemplate\":\"https:\/\/uberweedshop.co\/?s={search_term_string}\"},\"query-input\":{\"@type\":\"PropertyValueSpecification\",\"valueRequired\":true,\"valueName\":\"search_term_string\"}}],\"inLanguage\":\"fr-CA\"},{\"@type\":\"Organization\",\"@id\":\"https:\/\/uberweedshop.co\/#organization\",\"name\":\"UberweedShop\",\"url\":\"https:\/\/uberweedshop.co\/\",\"logo\":{\"@type\":\"ImageObject\",\"inLanguage\":\"fr-CA\",\"@id\":\"https:\/\/uberweedshop.co\/#\/schema\/logo\/image\/\",\"url\":\"https:\/\/uberweedshop.co\/wp-content\/uploads\/uber-logo.png\",\"contentUrl\":\"https:\/\/uberweedshop.co\/wp-content\/uploads\/uber-logo.png\",\"width\":1100,\"height\":550,\"caption\":\"UberweedShop\"},\"image\":{\"@id\":\"https:\/\/uberweedshop.co\/#\/schema\/logo\/image\/\"}}]}<\/script>\n<meta property=\"product:price:amount\" content=\"40.00\" \/>\n<meta property=\"product:price:currency\" content=\"CAD\" \/>\n<meta property=\"og:availability\" content=\"out of stock\" \/>\n<meta property=\"product:availability\" content=\"out of stock\" \/>\n<meta property=\"product:retailer_item_id\" content=\"v7-Sativa Bubbies 1000mg Gummy Pucks-3620\" \/>\n<meta property=\"product:condition\" content=\"new\" \/>\n<!-- \/ Yoast SEO Premium plugin. -->","yoast_head_json":{"title":"Sativa Bubbies 1000mg Gummy Pucks - UberweedShop | Livraison de mauvaises herbes \u00e0 Toronto","description":"Sativa Gummies by Bubbie\u2019s Baked Goods are one of the best THC gummies on the market. Sativa bubbies gummy pucks, hands down, the best edibles out there. They\u2019re colorful and full of flavor, they don\u2019t leave a mess behind, and they\u2019re always available. More importantly, they never kill the vibe. Sativa Gummies made with 100% RAW THC Distillate. The Puck is 1000mg, 100mg\/piece 10 per package. Sativa Gummies contain only 10 mg a pop at the max, which makes it super simple to pace yourself, and just as easy to not. If you want a slight lift try Sativa Bubbies 1000mg Gummy Pucks. Note: Recommended dosage is less than 1 piece per serving. Buy Sativa Bubbies 1000mg Gummy Pucks in Toronto. Every day we have deals and gifts for our customers. Enjoy our service and fast delivery in the GTA area. |Candy, Edibles Sativa Gummies by Bubbie\u2019s Baked Goods are one of the best THC gummies on the market. Sativa bubbies gummy pucks, hands down, the best edibles out there. They\u2019re colorful and full of flavor, they don\u2019t leave a mess behind, and they\u2019re always available. More importantly, they never kill the vibe. Sativa Gummies made with 100% RAW THC Distillate. The Puck is 1000mg, 100mg\/piece 10 per package. Sativa Gummies contain only 10 mg a pop at the max, which makes it super simple to pace yourself, and just as easy to not. If you want a slight lift try Sativa Bubbies 1000mg Gummy Pucks. Note: Recommended dosage is less than 1 piece per serving. Sativa Gummies by Bubbie\u2019s Baked Goods are one of the best THC gummies on the market. Sativa bubbies gummy pucks, hands down, the best edibles out there. They\u2019re colorful and full of flavor, they don\u2019t leave a mess behind, and they\u2019re always available. More importantly, they never kill the vibe. Sativa Gummies made with 100% RAW THC Distillate. The Puck is 1000mg, 100mg\/piece 10 per package. Sativa Gummies contain only 10 mg a pop at the max, which makes it super simple to pace yourself, and just as easy to not. If you want a slight lift try Sativa Bubbies 1000mg Gummy Pucks. Note: Recommended dosage is less than 1 piece per serving. | Price &#36;40.00  - CAD","robots":{"index":"index","follow":"follow","max-snippet":"max-snippet:-1","max-image-preview":"max-image-preview:large","max-video-preview":"max-video-preview:-1"},"canonical":"https:\/\/uberweedshop.co\/fr\/product\/sativa-bubbies-1000mg-gummy-pucks\/","og_locale":"fr_CA","og_type":"article","og_title":"Sativa Bubbies 1000mg Gummy Pucks","og_description":"Sativa Gummies by Bubbie\u2019s Baked Goods are one of the best THC gummies on the market. Sativa bubbies gummy pucks, hands down, the best edibles out there. They\u2019re colorful and full of flavor, they don\u2019t leave a mess behind, and they\u2019re always available. More importantly, they never kill the vibe. Sativa Gummies made with 100% RAW THC Distillate. The Puck is 1000mg, 100mg\/piece 10 per package. Sativa Gummies contain only 10 mg a pop at the max, which makes it super simple to pace yourself, and just as easy to not. If you want a slight lift try Sativa Bubbies 1000mg Gummy Pucks. Note: Recommended dosage is less than 1 piece per serving. Buy Sativa Bubbies 1000mg Gummy Pucks in Toronto. Every day we have deals and gifts for our customers. Enjoy our service and fast delivery in the GTA area. |Candy, Edibles Sativa Gummies by Bubbie\u2019s Baked Goods are one of the best THC gummies on the market. Sativa bubbies gummy pucks, hands down, the best edibles out there. They\u2019re colorful and full of flavor, they don\u2019t leave a mess behind, and they\u2019re always available. More importantly, they never kill the vibe. Sativa Gummies made with 100% RAW THC Distillate. The Puck is 1000mg, 100mg\/piece 10 per package. Sativa Gummies contain only 10 mg a pop at the max, which makes it super simple to pace yourself, and just as easy to not. If you want a slight lift try Sativa Bubbies 1000mg Gummy Pucks. Note: Recommended dosage is less than 1 piece per serving. Sativa Gummies by Bubbie\u2019s Baked Goods are one of the best THC gummies on the market. Sativa bubbies gummy pucks, hands down, the best edibles out there. They\u2019re colorful and full of flavor, they don\u2019t leave a mess behind, and they\u2019re always available. More importantly, they never kill the vibe. Sativa Gummies made with 100% RAW THC Distillate. The Puck is 1000mg, 100mg\/piece 10 per package. Sativa Gummies contain only 10 mg a pop at the max, which makes it super simple to pace yourself, and just as easy to not. If you want a slight lift try Sativa Bubbies 1000mg Gummy Pucks. Note: Recommended dosage is less than 1 piece per serving. | Price &#36;40.00  - CAD","og_url":"https:\/\/uberweedshop.co\/fr\/product\/sativa-bubbies-1000mg-gummy-pucks\/","og_site_name":"UberweedShop | Toronto Weed Delivery","article_modified_time":"2026-03-18T04:26:17+00:00","og_image":[{"width":325,"height":325,"url":"https:\/\/uberweedshop.co\/wp-content\/uploads\/image-1.png","type":"image\/png"}],"twitter_card":"summary_large_image","twitter_misc":{"Price":"&#36;40.00","Availability":"Out of stock"},"schema":{"@context":"https:\/\/schema.org","@graph":[{"@type":["WebPage","ItemPage"],"@id":"https:\/\/uberweedshop.co\/product\/sativa-bubbies-1000mg-gummy-pucks\/","url":"https:\/\/uberweedshop.co\/product\/sativa-bubbies-1000mg-gummy-pucks\/","name":"Sativa Bubbies 1000mg Gummy Pucks - UberweedShop | Livraison de mauvaises herbes \u00e0 Toronto","isPartOf":{"@id":"https:\/\/uberweedshop.co\/#website"},"primaryImageOfPage":{"@id":"https:\/\/uberweedshop.co\/product\/sativa-bubbies-1000mg-gummy-pucks\/#primaryimage"},"image":{"@id":"https:\/\/uberweedshop.co\/product\/sativa-bubbies-1000mg-gummy-pucks\/#primaryimage"},"thumbnailUrl":"https:\/\/uberweedshop.co\/wp-content\/uploads\/image-1.png","datePublished":"2026-03-18T04:26:13+00:00","dateModified":"2026-03-18T04:26:17+00:00","description":"Sativa Gummies by Bubbie\u2019s Baked Goods are one of the best THC gummies on the market. Sativa bubbies gummy pucks, hands down, the best edibles out there. They\u2019re colorful and full of flavor, they don\u2019t leave a mess behind, and they\u2019re always available. More importantly, they never kill the vibe. Sativa Gummies made with 100% RAW THC Distillate. The Puck is 1000mg, 100mg\/piece 10 per package. Sativa Gummies contain only 10 mg a pop at the max, which makes it super simple to pace yourself, and just as easy to not. If you want a slight lift try Sativa Bubbies 1000mg Gummy Pucks. Note: Recommended dosage is less than 1 piece per serving. Buy Sativa Bubbies 1000mg Gummy Pucks in Toronto. Every day we have deals and gifts for our customers. Enjoy our service and fast delivery in the GTA area. |Candy, Edibles Sativa Gummies by Bubbie\u2019s Baked Goods are one of the best THC gummies on the market. Sativa bubbies gummy pucks, hands down, the best edibles out there. They\u2019re colorful and full of flavor, they don\u2019t leave a mess behind, and they\u2019re always available. More importantly, they never kill the vibe. Sativa Gummies made with 100% RAW THC Distillate. The Puck is 1000mg, 100mg\/piece 10 per package. Sativa Gummies contain only 10 mg a pop at the max, which makes it super simple to pace yourself, and just as easy to not. If you want a slight lift try Sativa Bubbies 1000mg Gummy Pucks. Note: Recommended dosage is less than 1 piece per serving. Sativa Gummies by Bubbie\u2019s Baked Goods are one of the best THC gummies on the market. Sativa bubbies gummy pucks, hands down, the best edibles out there. They\u2019re colorful and full of flavor, they don\u2019t leave a mess behind, and they\u2019re always available. More importantly, they never kill the vibe. Sativa Gummies made with 100% RAW THC Distillate. The Puck is 1000mg, 100mg\/piece 10 per package. Sativa Gummies contain only 10 mg a pop at the max, which makes it super simple to pace yourself, and just as easy to not. If you want a slight lift try Sativa Bubbies 1000mg Gummy Pucks. Note: Recommended dosage is less than 1 piece per serving. | Price &#36;40.00 - CAD","breadcrumb":{"@id":"https:\/\/uberweedshop.co\/product\/sativa-bubbies-1000mg-gummy-pucks\/#breadcrumb"},"inLanguage":"fr-CA","potentialAction":[{"@type":"ReadAction","target":["https:\/\/uberweedshop.co\/product\/sativa-bubbies-1000mg-gummy-pucks\/"]}]},{"@type":"ImageObject","inLanguage":"fr-CA","@id":"https:\/\/uberweedshop.co\/product\/sativa-bubbies-1000mg-gummy-pucks\/#primaryimage","url":"https:\/\/uberweedshop.co\/wp-content\/uploads\/image-1.png","contentUrl":"https:\/\/uberweedshop.co\/wp-content\/uploads\/image-1.png","width":325,"height":325,"caption":"Indica Bubbies Gummy Pucks"},{"@type":"BreadcrumbList","@id":"https:\/\/uberweedshop.co\/product\/sativa-bubbies-1000mg-gummy-pucks\/#breadcrumb","itemListElement":[{"@type":"ListItem","position":1,"name":"Home","item":"https:\/\/uberweedshop.co\/"},{"@type":"ListItem","position":2,"name":"Shop","item":"https:\/\/uberweedshop.com\/shop\/"},{"@type":"ListItem","position":3,"name":"Edibles","item":"https:\/\/uberweedshop.com\/product-category\/edibles\/"},{"@type":"ListItem","position":4,"name":"Candy","item":"https:\/\/uberweedshop.com\/product-category\/edibles\/candy\/"},{"@type":"ListItem","position":5,"name":"Sativa Bubbies 1000mg Gummy Pucks"}]},{"@type":"WebSite","@id":"https:\/\/uberweedshop.co\/#website","url":"https:\/\/uberweedshop.co\/","name":"UberweedBoutique | Livraison de mauvaises herbes \u00e0 Toronto","description":"Uberweed reigns supreme in Toronto&#039;s cannabis scene, offering lightning-fast online weed purchases in the GTA with the most competitive prices. Plus, orders over $80 score you free delivery.","publisher":{"@id":"https:\/\/uberweedshop.co\/#organization"},"potentialAction":[{"@type":"SearchAction","target":{"@type":"EntryPoint","urlTemplate":"https:\/\/uberweedshop.co\/?s={search_term_string}"},"query-input":{"@type":"PropertyValueSpecification","valueRequired":true,"valueName":"search_term_string"}}],"inLanguage":"fr-CA"},{"@type":"Organization","@id":"https:\/\/uberweedshop.co\/#organization","name":"UberweedShop","url":"https:\/\/uberweedshop.co\/","logo":{"@type":"ImageObject","inLanguage":"fr-CA","@id":"https:\/\/uberweedshop.co\/#\/schema\/logo\/image\/","url":"https:\/\/uberweedshop.co\/wp-content\/uploads\/uber-logo.png","contentUrl":"https:\/\/uberweedshop.co\/wp-content\/uploads\/uber-logo.png","width":1100,"height":550,"caption":"UberweedShop"},"image":{"@id":"https:\/\/uberweedshop.co\/#\/schema\/logo\/image\/"}}]},"product_price_amount":"40.00","product_price_currency":"CAD","og_availability":"out of stock","product_availability":"out of stock","product_retailer_item_id":"v7-Sativa Bubbies 1000mg Gummy Pucks-3620","product_condition":"new"},"_links":{"self":[{"href":"https:\/\/uberweedshop.co\/fr\/wp-json\/wp\/v2\/product\/348730","targetHints":{"allow":["GET"]}}],"collection":[{"href":"https:\/\/uberweedshop.co\/fr\/wp-json\/wp\/v2\/product"}],"about":[{"href":"https:\/\/uberweedshop.co\/fr\/wp-json\/wp\/v2\/types\/product"}],"replies":[{"embeddable":true,"href":"https:\/\/uberweedshop.co\/fr\/wp-json\/wp\/v2\/comments?post=348730"}],"wp:featuredmedia":[{"embeddable":true,"href":"https:\/\/uberweedshop.co\/fr\/wp-json\/wp\/v2\/media\/1005064"}],"wp:attachment":[{"href":"https:\/\/uberweedshop.co\/fr\/wp-json\/wp\/v2\/media?parent=348730"}],"wp:term":[{"taxonomy":"product_brand","embeddable":true,"href":"https:\/\/uberweedshop.co\/fr\/wp-json\/wp\/v2\/product_brand?post=348730"},{"taxonomy":"product_cat","embeddable":true,"href":"https:\/\/uberweedshop.co\/fr\/wp-json\/wp\/v2\/product_cat?post=348730"},{"taxonomy":"product_tag","embeddable":true,"href":"https:\/\/uberweedshop.co\/fr\/wp-json\/wp\/v2\/product_tag?post=348730"}],"curies":[{"name":"wp","href":"https:\/\/api.w.org\/{rel}","templated":true}]}}