{"id":87,"date":"2013-08-11T19:22:53","date_gmt":"2013-08-11T19:22:53","guid":{"rendered":"http:\/\/localhost:8888\/test\/?page_id=532"},"modified":"2022-12-08T14:18:06","modified_gmt":"2022-12-08T14:18:06","slug":"contact-us","status":"publish","type":"page","link":"https:\/\/uberweedshop.co\/fr\/contact-us\/","title":{"rendered":"Nous contacter"},"content":{"rendered":"<section class=\"section\" id=\"section_1789058457\">\n\t\t<div class=\"section-bg fill\" >\n\t\t\t\t\t\t\t\t\t\n\t\t\t\n\n\t\t<\/div>\n\n\t\t\n\n\t\t<div class=\"section-content relative\">\n\t\t\t\n\n<div class=\"container section-title-container\" style=\"max-width:100%;\"><h3 class=\"section-title section-title-bold-center\"><b><\/b><span class=\"section-title-main\" >Nous contacter<\/span><b><\/b><\/h3><\/div>\n\n<div class=\"row row-full-width\"  id=\"row-1425954836\">\n\n\n\t<div id=\"col-1355578184\" class=\"col medium-6 small-12 large-6\"  >\n\t\t\t\t<div class=\"col-inner\"  >\n\t\t\t\n\t\t\t\n\n<div class=\"container section-title-container\" ><h3 class=\"section-title section-title-center\"><b><\/b><span class=\"section-title-main\" >Vous avez des questions ou des commentaires?<\/span><b><\/b><\/h3><\/div>\n\n<p>Si vous ne l&#039;avez pas d\u00e9j\u00e0 fait, veuillez consulter la section FAQ\u00a0! Votre question a peut-\u00eatre d\u00e9j\u00e0 une r\u00e9ponse que vous pouvez y trouver. Si vous ne parvenez toujours pas \u00e0 trouver la r\u00e9ponse \u00e0 votre question, contactez-nous via ce formulaire !<\/p>\n<p>Veuillez nous accorder jusqu&#039;\u00e0 1 heure pour une r\u00e9ponse! Si vous avez besoin de nous plus rapidement, n&#039;h\u00e9sitez pas \u00e0 nous appeler au 437-928-5229 !<\/p>\n<p>Incluez des d\u00e9tails tels que votre nom, votre num\u00e9ro de commande et une description de votre probl\u00e8me ou commentaire.<\/p>\n\n\t\t<\/div>\n\t\t\t\t\t<\/div>\n\n\t\n\n\t<div id=\"col-1369581353\" class=\"col medium-6 small-12 large-6\"  >\n\t\t\t\t<div class=\"col-inner\"  >\n\t\t\t\n\t\t\t\n\n\n<div class=\"wpcf7 no-js\" id=\"wpcf7-f389-o1\" lang=\"en-US\" dir=\"ltr\" data-wpcf7-id=\"389\">\n<div class=\"screen-reader-response\"><p role=\"status\" aria-live=\"polite\" aria-atomic=\"true\"><\/p> <ul><\/ul><\/div>\n<form action=\"\/fr\/wp-json\/wp\/v2\/pages\/87#wpcf7-f389-o1\" method=\"post\" class=\"wpcf7-form init\" aria-label=\"Contact form\" novalidate=\"novalidate\" data-status=\"init\" data-trp-original-action=\"\/fr\/wp-json\/wp\/v2\/pages\/87#wpcf7-f389-o1\">\n<fieldset class=\"hidden-fields-container\"><input type=\"hidden\" name=\"_wpcf7\" value=\"389\" \/><input type=\"hidden\" name=\"_wpcf7_version\" value=\"6.1.5\" \/><input type=\"hidden\" name=\"_wpcf7_locale\" value=\"en_US\" \/><input type=\"hidden\" name=\"_wpcf7_unit_tag\" value=\"wpcf7-f389-o1\" \/><input type=\"hidden\" name=\"_wpcf7_container_post\" value=\"0\" \/><input type=\"hidden\" name=\"_wpcf7_posted_data_hash\" value=\"\" \/><input type=\"hidden\" name=\"_wpcf7_recaptcha_response\" value=\"\" \/>\n<\/fieldset>\n<p><label style=\"color: #fff;\"> votre nom<br \/>\n<span class=\"wpcf7-form-control-wrap\" data-name=\"your-name\"><input size=\"40\" maxlength=\"400\" class=\"wpcf7-form-control wpcf7-text wpcf7-validates-as-required\" aria-required=\"true\" aria-invalid=\"false\" value=\"\" type=\"text\" name=\"your-name\" \/><\/span> <\/label>\n<\/p>\n<p><label style=\"color: #fff;\"> Votre e-mail<br \/>\n<span class=\"wpcf7-form-control-wrap\" data-name=\"your-email\"><input size=\"40\" maxlength=\"400\" class=\"wpcf7-form-control wpcf7-email wpcf7-validates-as-required wpcf7-text wpcf7-validates-as-email\" aria-required=\"true\" aria-invalid=\"false\" value=\"\" type=\"email\" name=\"your-email\" \/><\/span> <\/label>\n<\/p>\n<p><label style=\"color: #fff;\"> Sujet<br \/>\n<span class=\"wpcf7-form-control-wrap\" data-name=\"your-subject\"><input size=\"40\" maxlength=\"400\" class=\"wpcf7-form-control wpcf7-text\" aria-invalid=\"false\" value=\"\" type=\"text\" name=\"your-subject\" \/><\/span> <\/label>\n<\/p>\n<p><label style=\"color: #fff;\"> Votre message<br \/>\n<span class=\"wpcf7-form-control-wrap\" data-name=\"your-message\"><textarea cols=\"40\" rows=\"10\" maxlength=\"2000\" class=\"wpcf7-form-control wpcf7-textarea\" aria-invalid=\"false\" name=\"your-message\"><\/textarea><\/span> <\/label>\n<\/p>\n<p><div id=\"cf7sr-69eb5126a87c8\" class=\"cf7sr-g-recaptcha\" data-theme=\"light\" data-type=\"image\" data-size=\"normal\" data-sitekey=\"6LfTpB8dAAAAANdID_9fuCPpgk0eug8GPQ1qqG5R\"><\/div><span class=\"wpcf7-form-control-wrap cf7sr-recaptcha\" data-name=\"cf7sr-recaptcha\"><input type=\"hidden\" name=\"cf7sr-recaptcha\" value=\"\" class=\"wpcf7-form-control\"><\/span>\n<\/p>\n<p><input class=\"wpcf7-form-control wpcf7-submit has-spinner\" type=\"submit\" value=\"Soumettre\" \/>\n<\/p><div class=\"wpcf7-response-output\" aria-hidden=\"true\"><\/div>\n<input type=\"hidden\" name=\"trp-form-language\" value=\"fr\"\/><\/form>\n<\/div>\n\n\n\n\t\t<\/div>\n\t\t\t\t\t<\/div>\n\n\t\n\n<\/div>\n\n\t\t<\/div>\n\n\t\t\n<style>\n#section_1789058457 {\n  padding-top: 30px;\n  padding-bottom: 30px;\n}\n<\/style>\n\t<\/section>","protected":false},"excerpt":{"rendered":"","protected":false},"author":1,"featured_media":11,"parent":0,"menu_order":0,"comment_status":"closed","ping_status":"open","template":"page-blank.php","meta":{"footnotes":""},"class_list":["post-87","page","type-page","status-publish","has-post-thumbnail","hentry"],"yoast_head":"<!-- This site is optimized with the Yoast SEO Premium plugin v27.1 (Yoast SEO v27.1.1) - https:\/\/yoast.com\/product\/yoast-seo-premium-wordpress\/ -->\n<title>Contact us - UberweedShop | Toronto Weed Delivery<\/title>\n<meta name=\"description\" content=\"Contact us Almost every day we have deals and gift for our customers. Enjou our service and fast delivery in GTA area.\" \/>\n<meta name=\"robots\" content=\"index, follow, max-snippet:-1, max-image-preview:large, max-video-preview:-1\" \/>\n<link rel=\"canonical\" href=\"https:\/\/uberweedshop.com\/contact-us\/\" \/>\n<meta property=\"og:locale\" content=\"fr_CA\" \/>\n<meta property=\"og:type\" content=\"article\" \/>\n<meta property=\"og:title\" content=\"Contact us\" \/>\n<meta property=\"og:description\" content=\"Contact us Almost every day we have deals and gift for our customers. Enjoy our service and fast delivery in GTA area.\" \/>\n<meta property=\"og:url\" content=\"https:\/\/uberweedshop.com\/contact-us\/\" \/>\n<meta property=\"og:site_name\" content=\"UberweedShop | Toronto Weed Delivery\" \/>\n<meta property=\"article:modified_time\" content=\"2022-12-08T14:18:06+00:00\" \/>\n<meta property=\"og:image\" content=\"https:\/\/uberweedshop.com\/wp-content\/uploads\/2016\/08\/dummy-1.jpg\" \/>\n\t<meta property=\"og:image:width\" content=\"400\" \/>\n\t<meta property=\"og:image:height\" content=\"260\" \/>\n\t<meta property=\"og:image:type\" content=\"image\/jpeg\" \/>\n<meta name=\"twitter:card\" content=\"summary_large_image\" \/>\n<meta name=\"twitter:label1\" content=\"Estimation du temps de lecture\" \/>\n\t<meta name=\"twitter:data1\" content=\"1 minute\" \/>\n<script type=\"application\/ld+json\" class=\"yoast-schema-graph\">{\"@context\":\"https:\/\/schema.org\",\"@graph\":[{\"@type\":\"WebPage\",\"@id\":\"https:\/\/uberweedshop.com\/contact-us\/\",\"url\":\"https:\/\/uberweedshop.com\/contact-us\/\",\"name\":\"Contact us - UberweedShop | Toronto Weed Delivery\",\"isPartOf\":{\"@id\":\"https:\/\/uberweedshop.co\/#website\"},\"primaryImageOfPage\":{\"@id\":\"https:\/\/uberweedshop.com\/contact-us\/#primaryimage\"},\"image\":{\"@id\":\"https:\/\/uberweedshop.com\/contact-us\/#primaryimage\"},\"thumbnailUrl\":\"https:\/\/uberweedshop.co\/wp-content\/uploads\/2016\/08\/dummy-1.jpg\",\"datePublished\":\"2013-08-11T19:22:53+00:00\",\"dateModified\":\"2022-12-08T14:18:06+00:00\",\"description\":\"Contact us Almost every day we have deals and gift for our customers. Enjou our service and fast delivery in GTA area.\",\"breadcrumb\":{\"@id\":\"https:\/\/uberweedshop.com\/contact-us\/#breadcrumb\"},\"inLanguage\":\"fr-CA\",\"potentialAction\":[{\"@type\":\"ReadAction\",\"target\":[\"https:\/\/uberweedshop.com\/contact-us\/\"]}]},{\"@type\":\"ImageObject\",\"inLanguage\":\"fr-CA\",\"@id\":\"https:\/\/uberweedshop.com\/contact-us\/#primaryimage\",\"url\":\"https:\/\/uberweedshop.co\/wp-content\/uploads\/2016\/08\/dummy-1.jpg\",\"contentUrl\":\"https:\/\/uberweedshop.co\/wp-content\/uploads\/2016\/08\/dummy-1.jpg\",\"width\":400,\"height\":260},{\"@type\":\"BreadcrumbList\",\"@id\":\"https:\/\/uberweedshop.com\/contact-us\/#breadcrumb\",\"itemListElement\":[{\"@type\":\"ListItem\",\"position\":1,\"name\":\"Home\",\"item\":\"https:\/\/uberweedshop.co\/\"},{\"@type\":\"ListItem\",\"position\":2,\"name\":\"Contact us\"}]},{\"@type\":\"WebSite\",\"@id\":\"https:\/\/uberweedshop.co\/#website\",\"url\":\"https:\/\/uberweedshop.co\/\",\"name\":\"UberweedShop | Toronto Weed Delivery\",\"description\":\"Uberweed reigns supreme in Toronto&#039;s cannabis scene, offering lightning-fast online weed purchases in the GTA with the most competitive prices. Plus, orders over $80 score you free delivery.\",\"publisher\":{\"@id\":\"https:\/\/uberweedshop.co\/#organization\"},\"potentialAction\":[{\"@type\":\"SearchAction\",\"target\":{\"@type\":\"EntryPoint\",\"urlTemplate\":\"https:\/\/uberweedshop.co\/?s={search_term_string}\"},\"query-input\":{\"@type\":\"PropertyValueSpecification\",\"valueRequired\":true,\"valueName\":\"search_term_string\"}}],\"inLanguage\":\"fr-CA\"},{\"@type\":\"Organization\",\"@id\":\"https:\/\/uberweedshop.co\/#organization\",\"name\":\"UberweedShop\",\"url\":\"https:\/\/uberweedshop.co\/\",\"logo\":{\"@type\":\"ImageObject\",\"inLanguage\":\"fr-CA\",\"@id\":\"https:\/\/uberweedshop.co\/#\/schema\/logo\/image\/\",\"url\":\"https:\/\/uberweedshop.co\/wp-content\/uploads\/uber-logo.png\",\"contentUrl\":\"https:\/\/uberweedshop.co\/wp-content\/uploads\/uber-logo.png\",\"width\":1100,\"height\":550,\"caption\":\"UberweedShop\"},\"image\":{\"@id\":\"https:\/\/uberweedshop.co\/#\/schema\/logo\/image\/\"}}]}<\/script>\n<!-- \/ Yoast SEO Premium plugin. -->","yoast_head_json":{"title":"Contactez-nous - UberweedShop | Livraison de mauvaises herbes \u00e0 Toronto","description":"Contact us Almost every day we have deals and gift for our customers. Enjou our service and fast delivery in GTA area.","robots":{"index":"index","follow":"follow","max-snippet":"max-snippet:-1","max-image-preview":"max-image-preview:large","max-video-preview":"max-video-preview:-1"},"canonical":"https:\/\/uberweedshop.com\/contact-us\/","og_locale":"fr_CA","og_type":"article","og_title":"Contact us","og_description":"Contact us Almost every day we have deals and gift for our customers. Enjoy our service and fast delivery in GTA area.","og_url":"https:\/\/uberweedshop.com\/contact-us\/","og_site_name":"UberweedShop | Toronto Weed Delivery","article_modified_time":"2022-12-08T14:18:06+00:00","og_image":[{"width":400,"height":260,"url":"https:\/\/uberweedshop.com\/wp-content\/uploads\/2016\/08\/dummy-1.jpg","type":"image\/jpeg"}],"twitter_card":"summary_large_image","twitter_misc":{"Estimation du temps de lecture":"1 minute"},"schema":{"@context":"https:\/\/schema.org","@graph":[{"@type":"WebPage","@id":"https:\/\/uberweedshop.com\/contact-us\/","url":"https:\/\/uberweedshop.com\/contact-us\/","name":"Contactez-nous - UberweedShop | Livraison de mauvaises herbes \u00e0 Toronto","isPartOf":{"@id":"https:\/\/uberweedshop.co\/#website"},"primaryImageOfPage":{"@id":"https:\/\/uberweedshop.com\/contact-us\/#primaryimage"},"image":{"@id":"https:\/\/uberweedshop.com\/contact-us\/#primaryimage"},"thumbnailUrl":"https:\/\/uberweedshop.co\/wp-content\/uploads\/2016\/08\/dummy-1.jpg","datePublished":"2013-08-11T19:22:53+00:00","dateModified":"2022-12-08T14:18:06+00:00","description":"Contact us Almost every day we have deals and gift for our customers. Enjou our service and fast delivery in GTA area.","breadcrumb":{"@id":"https:\/\/uberweedshop.com\/contact-us\/#breadcrumb"},"inLanguage":"fr-CA","potentialAction":[{"@type":"ReadAction","target":["https:\/\/uberweedshop.com\/contact-us\/"]}]},{"@type":"ImageObject","inLanguage":"fr-CA","@id":"https:\/\/uberweedshop.com\/contact-us\/#primaryimage","url":"https:\/\/uberweedshop.co\/wp-content\/uploads\/2016\/08\/dummy-1.jpg","contentUrl":"https:\/\/uberweedshop.co\/wp-content\/uploads\/2016\/08\/dummy-1.jpg","width":400,"height":260},{"@type":"BreadcrumbList","@id":"https:\/\/uberweedshop.com\/contact-us\/#breadcrumb","itemListElement":[{"@type":"ListItem","position":1,"name":"Home","item":"https:\/\/uberweedshop.co\/"},{"@type":"ListItem","position":2,"name":"Contact us"}]},{"@type":"WebSite","@id":"https:\/\/uberweedshop.co\/#website","url":"https:\/\/uberweedshop.co\/","name":"UberweedBoutique | Livraison de mauvaises herbes \u00e0 Toronto","description":"Uberweed reigns supreme in Toronto&#039;s cannabis scene, offering lightning-fast online weed purchases in the GTA with the most competitive prices. Plus, orders over $80 score you free delivery.","publisher":{"@id":"https:\/\/uberweedshop.co\/#organization"},"potentialAction":[{"@type":"SearchAction","target":{"@type":"EntryPoint","urlTemplate":"https:\/\/uberweedshop.co\/?s={search_term_string}"},"query-input":{"@type":"PropertyValueSpecification","valueRequired":true,"valueName":"search_term_string"}}],"inLanguage":"fr-CA"},{"@type":"Organization","@id":"https:\/\/uberweedshop.co\/#organization","name":"UberweedShop","url":"https:\/\/uberweedshop.co\/","logo":{"@type":"ImageObject","inLanguage":"fr-CA","@id":"https:\/\/uberweedshop.co\/#\/schema\/logo\/image\/","url":"https:\/\/uberweedshop.co\/wp-content\/uploads\/uber-logo.png","contentUrl":"https:\/\/uberweedshop.co\/wp-content\/uploads\/uber-logo.png","width":1100,"height":550,"caption":"UberweedShop"},"image":{"@id":"https:\/\/uberweedshop.co\/#\/schema\/logo\/image\/"}}]}},"_links":{"self":[{"href":"https:\/\/uberweedshop.co\/fr\/wp-json\/wp\/v2\/pages\/87","targetHints":{"allow":["GET"]}}],"collection":[{"href":"https:\/\/uberweedshop.co\/fr\/wp-json\/wp\/v2\/pages"}],"about":[{"href":"https:\/\/uberweedshop.co\/fr\/wp-json\/wp\/v2\/types\/page"}],"author":[{"embeddable":true,"href":"https:\/\/uberweedshop.co\/fr\/wp-json\/wp\/v2\/users\/1"}],"replies":[{"embeddable":true,"href":"https:\/\/uberweedshop.co\/fr\/wp-json\/wp\/v2\/comments?post=87"}],"version-history":[{"count":0,"href":"https:\/\/uberweedshop.co\/fr\/wp-json\/wp\/v2\/pages\/87\/revisions"}],"wp:featuredmedia":[{"embeddable":true,"href":"https:\/\/uberweedshop.co\/fr\/wp-json\/wp\/v2\/media\/11"}],"wp:attachment":[{"href":"https:\/\/uberweedshop.co\/fr\/wp-json\/wp\/v2\/media?parent=87"}],"curies":[{"name":"wp","href":"https:\/\/api.w.org\/{rel}","templated":true}]}}