{"id":440,"date":"2020-08-08T14:05:55","date_gmt":"2020-08-08T14:05:55","guid":{"rendered":"http:\/\/downtoearth.delivery\/?page_id=440"},"modified":"2022-12-08T14:18:14","modified_gmt":"2022-12-08T14:18:14","slug":"shipping","status":"publish","type":"page","link":"https:\/\/uberweedshop.co\/fr\/shipping\/","title":{"rendered":"Exp\u00e9dition"},"content":{"rendered":"<section class=\"section\" id=\"section_509088712\">\n\t\t<div class=\"section-bg fill\" >\n\t\t\t\t\t\t\t\t\t\n\t\t\t\n\n\t\t<\/div>\n\n\t\t\n\n\t\t<div class=\"section-content relative\">\n\t\t\t\n\n<div class=\"container section-title-container\" style=\"max-width:100%;\"><h3 class=\"section-title section-title-center\"><b><\/b><span class=\"section-title-main\" >Exp\u00e9dition<\/span><b><\/b><\/h3><\/div>\n\n<h2 style=\"text-align: center;\">Le meilleur dispensaire en ligne au Canada<\/h2>\n<p style=\"text-align: center;\">Toutes les commandes seront exp\u00e9di\u00e9es par le service Xpresspost de Postes Canada. Avec ce service, la majorit\u00e9 des commandes seront \u00e0 votre porte dans les 2-3 jours ouvrables. Veuillez noter que cela peut prendre jusqu&#039;\u00e0 5 jours ouvrables pour les endroits \u00e9loign\u00e9s. Nous exp\u00e9dions dans toutes les grandes villes du Canada telles que Montr\u00e9al, Vancouver, Calgary, Qu\u00e9bec, Edmonton, Winnipeg, Manitoba. Notre vaste s\u00e9lection de cannabis, de produits comestibles, de concentr\u00e9s et d&#039;extraits est exp\u00e9di\u00e9e directement \u00e0 votre porte.<\/p>\n<h2 style=\"text-align: center;\">Meilleur dispensaire de vente par correspondance au Canada<\/h2>\n<p style=\"text-align: center;\">Nous achetons nos produits aupr\u00e8s des meilleurs producteurs artisanaux de la Colombie-Britannique, des prix incroyables et des services \u00e0 la client\u00e8le font de nous le meilleur dispensaire de vente par correspondance de marijuana au Canada. Nous offrons la livraison par correspondance d&#039;un oc\u00e9an \u00e0 l&#039;autre! De Vancouver \u00e0 New Newfoundland, nous couvrons tout le Canada, apportant du cannabis de haute qualit\u00e9 directement \u00e0 votre porte !<\/p>\n<h3 style=\"text-align: center;\">Zones d&#039;exp\u00e9dition<\/h3>\n<p style=\"text-align: center;\">Ontario | Alberta | Qu\u00e9bec | Colombie-Britannique | Manitoba | Saskatchewan | Nouvelle-\u00c9cosse | Nouveau-Brunswick | Terre-Neuve-et-Labrador | \u00cele-du-Prince-\u00c9douard | Nunavut | Yukon | Territoires du nord-ouest<\/p>\n<p style=\"text-align: center;\">Montr\u00e9al | Montr\u00e9al | Vancouver | Calgary | Edmonton | Qu\u00e9bec | Winnipeg | Saskatchewan | Halifax | R\u00e9gina | Victoria | Fr\u00e9d\u00e9ricton | Moncton | St. John&#039;s | Charlottetown<\/p>\n<div class=\"row\"  id=\"row-50479839\">\n\n\n\t<div id=\"col-1204799858\" class=\"col small-12 large-12\"  >\n\t\t\t\t<div class=\"col-inner text-center\"  >\n\t\t\t\n\t\t\t\n\n<a href=\"\/fr\/shop\/\" class=\"button primary\"  >\n\t\t<span>Achetez maintenant<\/span>\n\t<\/a>\n\n\n\n\t\t<\/div>\n\t\t\t\t\t<\/div>\n\n\t\n\n<\/div>\n\n\t\t<\/div>\n\n\t\t\n<style>\n#section_509088712 {\n  padding-top: 30px;\n  padding-bottom: 30px;\n}\n<\/style>\n\t<\/section>","protected":false},"excerpt":{"rendered":"","protected":false},"author":1,"featured_media":0,"parent":0,"menu_order":0,"comment_status":"closed","ping_status":"open","template":"page-blank.php","meta":{"footnotes":""},"class_list":["post-440","page","type-page","status-publish","hentry"],"yoast_head":"<!-- This site is optimized with the Yoast SEO Premium plugin v27.1 (Yoast SEO v27.1.1) - https:\/\/yoast.com\/product\/yoast-seo-premium-wordpress\/ -->\n<title>Shipping - UberweedShop | Toronto Weed Delivery<\/title>\n<meta name=\"description\" content=\"Shipping Almost every day we have deals and gift for our customers. Enjou our service and fast delivery in GTA area.\" \/>\n<meta name=\"robots\" content=\"index, follow, max-snippet:-1, max-image-preview:large, max-video-preview:-1\" \/>\n<link rel=\"canonical\" href=\"https:\/\/uberweedshop.com\/shipping\/\" \/>\n<meta property=\"og:locale\" content=\"fr_CA\" \/>\n<meta property=\"og:type\" content=\"article\" \/>\n<meta property=\"og:title\" content=\"Shipping\" \/>\n<meta property=\"og:description\" content=\"Shipping Almost every day we have deals and gift for our customers. Enjoy our service and fast delivery in GTA area.\" \/>\n<meta property=\"og:url\" content=\"https:\/\/uberweedshop.com\/shipping\/\" \/>\n<meta property=\"og:site_name\" content=\"UberweedShop | Toronto Weed Delivery\" \/>\n<meta property=\"article:modified_time\" content=\"2022-12-08T14:18:14+00:00\" \/>\n<meta property=\"og:image\" content=\"https:\/\/uberweedshop.co\/wp-content\/uploads\/uber-logo.png\" \/>\n\t<meta property=\"og:image:width\" content=\"1100\" \/>\n\t<meta property=\"og:image:height\" content=\"550\" \/>\n\t<meta property=\"og:image:type\" content=\"image\/png\" \/>\n<meta name=\"twitter:card\" content=\"summary_large_image\" \/>\n<meta name=\"twitter:label1\" content=\"Estimation du temps de lecture\" \/>\n\t<meta name=\"twitter:data1\" content=\"1 minute\" \/>\n<script type=\"application\/ld+json\" class=\"yoast-schema-graph\">{\"@context\":\"https:\/\/schema.org\",\"@graph\":[{\"@type\":\"WebPage\",\"@id\":\"https:\/\/uberweedshop.com\/shipping\/\",\"url\":\"https:\/\/uberweedshop.com\/shipping\/\",\"name\":\"Shipping - UberweedShop | Toronto Weed Delivery\",\"isPartOf\":{\"@id\":\"https:\/\/uberweedshop.co\/#website\"},\"datePublished\":\"2020-08-08T14:05:55+00:00\",\"dateModified\":\"2022-12-08T14:18:14+00:00\",\"description\":\"Shipping Almost every day we have deals and gift for our customers. Enjou our service and fast delivery in GTA area.\",\"breadcrumb\":{\"@id\":\"https:\/\/uberweedshop.com\/shipping\/#breadcrumb\"},\"inLanguage\":\"fr-CA\",\"potentialAction\":[{\"@type\":\"ReadAction\",\"target\":[\"https:\/\/uberweedshop.com\/shipping\/\"]}]},{\"@type\":\"BreadcrumbList\",\"@id\":\"https:\/\/uberweedshop.com\/shipping\/#breadcrumb\",\"itemListElement\":[{\"@type\":\"ListItem\",\"position\":1,\"name\":\"Home\",\"item\":\"https:\/\/uberweedshop.co\/\"},{\"@type\":\"ListItem\",\"position\":2,\"name\":\"Shipping\"}]},{\"@type\":\"WebSite\",\"@id\":\"https:\/\/uberweedshop.co\/#website\",\"url\":\"https:\/\/uberweedshop.co\/\",\"name\":\"UberweedShop | Toronto Weed Delivery\",\"description\":\"Uberweed reigns supreme in Toronto&#039;s cannabis scene, offering lightning-fast online weed purchases in the GTA with the most competitive prices. Plus, orders over $80 score you free delivery.\",\"publisher\":{\"@id\":\"https:\/\/uberweedshop.co\/#organization\"},\"potentialAction\":[{\"@type\":\"SearchAction\",\"target\":{\"@type\":\"EntryPoint\",\"urlTemplate\":\"https:\/\/uberweedshop.co\/?s={search_term_string}\"},\"query-input\":{\"@type\":\"PropertyValueSpecification\",\"valueRequired\":true,\"valueName\":\"search_term_string\"}}],\"inLanguage\":\"fr-CA\"},{\"@type\":\"Organization\",\"@id\":\"https:\/\/uberweedshop.co\/#organization\",\"name\":\"UberweedShop\",\"url\":\"https:\/\/uberweedshop.co\/\",\"logo\":{\"@type\":\"ImageObject\",\"inLanguage\":\"fr-CA\",\"@id\":\"https:\/\/uberweedshop.co\/#\/schema\/logo\/image\/\",\"url\":\"https:\/\/uberweedshop.co\/wp-content\/uploads\/uber-logo.png\",\"contentUrl\":\"https:\/\/uberweedshop.co\/wp-content\/uploads\/uber-logo.png\",\"width\":1100,\"height\":550,\"caption\":\"UberweedShop\"},\"image\":{\"@id\":\"https:\/\/uberweedshop.co\/#\/schema\/logo\/image\/\"}}]}<\/script>\n<!-- \/ Yoast SEO Premium plugin. -->","yoast_head_json":{"title":"Livraison - UberweedShop | Livraison de mauvaises herbes \u00e0 Toronto","description":"Shipping Almost every day we have deals and gift for our customers. Enjou our service and fast delivery in GTA area.","robots":{"index":"index","follow":"follow","max-snippet":"max-snippet:-1","max-image-preview":"max-image-preview:large","max-video-preview":"max-video-preview:-1"},"canonical":"https:\/\/uberweedshop.com\/shipping\/","og_locale":"fr_CA","og_type":"article","og_title":"Shipping","og_description":"Shipping Almost every day we have deals and gift for our customers. Enjoy our service and fast delivery in GTA area.","og_url":"https:\/\/uberweedshop.com\/shipping\/","og_site_name":"UberweedShop | Toronto Weed Delivery","article_modified_time":"2022-12-08T14:18:14+00:00","og_image":[{"width":1100,"height":550,"url":"https:\/\/uberweedshop.co\/wp-content\/uploads\/uber-logo.png","type":"image\/png"}],"twitter_card":"summary_large_image","twitter_misc":{"Estimation du temps de lecture":"1 minute"},"schema":{"@context":"https:\/\/schema.org","@graph":[{"@type":"WebPage","@id":"https:\/\/uberweedshop.com\/shipping\/","url":"https:\/\/uberweedshop.com\/shipping\/","name":"Livraison - UberweedShop | Livraison de mauvaises herbes \u00e0 Toronto","isPartOf":{"@id":"https:\/\/uberweedshop.co\/#website"},"datePublished":"2020-08-08T14:05:55+00:00","dateModified":"2022-12-08T14:18:14+00:00","description":"Shipping Almost every day we have deals and gift for our customers. Enjou our service and fast delivery in GTA area.","breadcrumb":{"@id":"https:\/\/uberweedshop.com\/shipping\/#breadcrumb"},"inLanguage":"fr-CA","potentialAction":[{"@type":"ReadAction","target":["https:\/\/uberweedshop.com\/shipping\/"]}]},{"@type":"BreadcrumbList","@id":"https:\/\/uberweedshop.com\/shipping\/#breadcrumb","itemListElement":[{"@type":"ListItem","position":1,"name":"Home","item":"https:\/\/uberweedshop.co\/"},{"@type":"ListItem","position":2,"name":"Shipping"}]},{"@type":"WebSite","@id":"https:\/\/uberweedshop.co\/#website","url":"https:\/\/uberweedshop.co\/","name":"UberweedBoutique | Livraison de mauvaises herbes \u00e0 Toronto","description":"Uberweed reigns supreme in Toronto&#039;s cannabis scene, offering lightning-fast online weed purchases in the GTA with the most competitive prices. Plus, orders over $80 score you free delivery.","publisher":{"@id":"https:\/\/uberweedshop.co\/#organization"},"potentialAction":[{"@type":"SearchAction","target":{"@type":"EntryPoint","urlTemplate":"https:\/\/uberweedshop.co\/?s={search_term_string}"},"query-input":{"@type":"PropertyValueSpecification","valueRequired":true,"valueName":"search_term_string"}}],"inLanguage":"fr-CA"},{"@type":"Organization","@id":"https:\/\/uberweedshop.co\/#organization","name":"UberweedShop","url":"https:\/\/uberweedshop.co\/","logo":{"@type":"ImageObject","inLanguage":"fr-CA","@id":"https:\/\/uberweedshop.co\/#\/schema\/logo\/image\/","url":"https:\/\/uberweedshop.co\/wp-content\/uploads\/uber-logo.png","contentUrl":"https:\/\/uberweedshop.co\/wp-content\/uploads\/uber-logo.png","width":1100,"height":550,"caption":"UberweedShop"},"image":{"@id":"https:\/\/uberweedshop.co\/#\/schema\/logo\/image\/"}}]}},"_links":{"self":[{"href":"https:\/\/uberweedshop.co\/fr\/wp-json\/wp\/v2\/pages\/440","targetHints":{"allow":["GET"]}}],"collection":[{"href":"https:\/\/uberweedshop.co\/fr\/wp-json\/wp\/v2\/pages"}],"about":[{"href":"https:\/\/uberweedshop.co\/fr\/wp-json\/wp\/v2\/types\/page"}],"author":[{"embeddable":true,"href":"https:\/\/uberweedshop.co\/fr\/wp-json\/wp\/v2\/users\/1"}],"replies":[{"embeddable":true,"href":"https:\/\/uberweedshop.co\/fr\/wp-json\/wp\/v2\/comments?post=440"}],"version-history":[{"count":0,"href":"https:\/\/uberweedshop.co\/fr\/wp-json\/wp\/v2\/pages\/440\/revisions"}],"wp:attachment":[{"href":"https:\/\/uberweedshop.co\/fr\/wp-json\/wp\/v2\/media?parent=440"}],"curies":[{"name":"wp","href":"https:\/\/api.w.org\/{rel}","templated":true}]}}