{"id":415,"date":"2020-08-07T13:29:36","date_gmt":"2020-08-07T13:29:36","guid":{"rendered":"http:\/\/downtoearth.delivery\/?page_id=415"},"modified":"2022-12-08T14:18:10","modified_gmt":"2022-12-08T14:18:10","slug":"about-us","status":"publish","type":"page","link":"https:\/\/uberweedshop.co\/fr\/about-us\/","title":{"rendered":"\u00c0 propos de nous"},"content":{"rendered":"<section class=\"section\" id=\"section_1449709151\">\n\t\t<div class=\"section-bg fill\" >\n\t\t\t\t\t\t\t\t\t\n\t\t\t\n\n\t\t<\/div>\n\n\t\t\n\n\t\t<div class=\"section-content relative\">\n\t\t\t\n<div class=\"container section-title-container\" style=\"max-width:100%;\"><h3 class=\"section-title section-title-center\"><b><\/b><span class=\"section-title-main\" >\u00c0 propos de nous<\/span><b><\/b><\/h3><\/div>\n<div class=\"row\"  id=\"row-1850382618\">\n\n\t<div id=\"col-1540164412\" class=\"col medium-6 small-12 large-6\"  >\n\t\t\t\t<div class=\"col-inner\"  >\n\t\t\t\n\t\t\t\n\t<div class=\"img has-hover x md-x lg-x y md-y lg-y\" id=\"image_1506732356\">\n\t\t\t\t\t\t\t\t<div class=\"img-inner image-cover dark\" style=\"padding-top:80%;\">\n\t\t\t<img loading=\"lazy\" decoding=\"async\" width=\"600\" height=\"800\" src=\"https:\/\/uberweedshop.co\/wp-content\/uploads\/2020\/12\/galactic-goo-600x800.jpeg\" class=\"attachment-large size-large\" alt=\"\" srcset=\"https:\/\/uberweedshop.co\/wp-content\/uploads\/2020\/12\/galactic-goo-600x800.jpeg 600w, https:\/\/uberweedshop.co\/wp-content\/uploads\/2020\/12\/galactic-goo-300x400.jpeg 300w, https:\/\/uberweedshop.co\/wp-content\/uploads\/2020\/12\/galactic-goo-768x1024.jpeg 768w, https:\/\/uberweedshop.co\/wp-content\/uploads\/2020\/12\/galactic-goo-1152x1536.jpeg 1152w, https:\/\/uberweedshop.co\/wp-content\/uploads\/2020\/12\/galactic-goo-9x12.jpeg 9w, https:\/\/uberweedshop.co\/wp-content\/uploads\/2020\/12\/galactic-goo-247x329.jpeg 247w, https:\/\/uberweedshop.co\/wp-content\/uploads\/2020\/12\/galactic-goo-510x680.jpeg 510w, https:\/\/uberweedshop.co\/wp-content\/uploads\/2020\/12\/galactic-goo.jpeg 1200w\" sizes=\"auto, (max-width: 600px) 100vw, 600px\" \/>\t\t\t\t\t\t\n\t\t\t\t\t<\/div>\n\t\t\t\t\t\t\t\t\n<style>\n#image_1506732356 {\n  width: 100%;\n}\n<\/style>\n\t<\/div>\n\t\n\t\t<\/div>\n\t\t\t\t\t<\/div>\n\n\t\n\n\t<div id=\"col-467127291\" class=\"col medium-6 small-12 large-6\"  >\n\t\t\t\t<div class=\"col-inner\"  >\n\t\t\t\n\t\t\t\n<p class=\"MuiTypography-root jss2540 MuiTypography-body1\" style=\"text-align: center\"><strong>UberWeed est le premier service de vente par correspondance au Canada. Nous assurons la livraison le jour m\u00eame dans la RGT et la livraison express du courrier partout au Canada! <\/strong><\/p>\n<p style=\"text-align: center\">Nous aimons le cannabis pour ses merveilleuses propri\u00e9t\u00e9s, c&#039;est exactement pourquoi nous offrons les services que nous proposons. En tant que fournisseur de cannabis de premier plan, nous nous effor\u00e7ons de fournir du cannabis de haute qualit\u00e9 aux clients lorsqu&#039;ils en ont besoin.<\/p>\n<p style=\"text-align: center\">Au fil des ann\u00e9es, nous pouvons appr\u00e9cier les effets miracles du cannabis, qui est formidable pour les personnes souffrant de diverses maladies, troubles et affections, et nous nous effor\u00e7ons de fournir l&#039;accessibilit\u00e9 \u00e0 ceux qui en ont besoin\u00a0!<\/p>\n\t\t<\/div>\n\t\t\t\t\t<\/div>\n\n\t\n<\/div>\n<div class=\"row\"  id=\"row-1312594751\">\n\n\t<div id=\"col-40004211\" class=\"col medium-6 small-12 large-6\"  >\n\t\t\t\t<div class=\"col-inner\"  >\n\t\t\t\n\t\t\t\n<h2 style=\"text-align: center;color: #00a859\">Importance<\/h2>\n<p style=\"text-align: center\">Chez UberWeed, nous savons qu&#039;il est important de fournir aux patients du cannabis abordable et de qualit\u00e9 sup\u00e9rieure. Que vous souffriez de douleur chronique, d&#039;anxi\u00e9t\u00e9 ou d&#039;autres conditions et troubles n\u00e9cessitant un traitement au cannabis, nous vous fournirons le traitement dont vous avez besoin, quand vous en avez besoin ! Notre syst\u00e8me de commande est convivial et il ne vous faudra pas de temps pour commencer \u00e0 commander imm\u00e9diatement. Toutes nos vari\u00e9t\u00e9s de marijuana proviennent de producteurs locaux de bonne r\u00e9putation. Nous comprenons \u00e9galement l&#039;importance de votre commande et votre besoin d&#039;\u00eatre discret. Que vous ayez des colocataires curieux ou que vous pr\u00e9f\u00e9riez simplement garder votre consommation de cannabis secr\u00e8te, notre service simple et rapide fera en sorte que votre entreprise reste la v\u00f4tre ! Nous commercialisons une vari\u00e9t\u00e9 de fleurs, de concentr\u00e9s et de produits comestibles diff\u00e9rents. Quelle que soit votre pr\u00e9f\u00e9rence, nos produits sauront vous satisfaire !<\/p>\n\t\t<\/div>\n\t\t\t\t\t<\/div>\n\n\t\n\n\t<div id=\"col-30420395\" class=\"col medium-6 small-12 large-6\"  >\n\t\t\t\t<div class=\"col-inner\"  >\n\t\t\t\n\t\t\t\n\t<div class=\"img has-hover x md-x lg-x y md-y lg-y\" id=\"image_291690405\">\n\t\t\t\t\t\t\t\t<div class=\"img-inner image-cover dark\" style=\"padding-top:85%;\">\n\t\t\t<img loading=\"lazy\" decoding=\"async\" width=\"758\" height=\"800\" src=\"https:\/\/uberweedshop.co\/wp-content\/uploads\/2020\/12\/island-rockstar-2-758x800.jpeg\" class=\"attachment-large size-large\" alt=\"\" srcset=\"https:\/\/uberweedshop.co\/wp-content\/uploads\/2020\/12\/island-rockstar-2-758x800.jpeg 758w, https:\/\/uberweedshop.co\/wp-content\/uploads\/2020\/12\/island-rockstar-2-379x400.jpeg 379w, https:\/\/uberweedshop.co\/wp-content\/uploads\/2020\/12\/island-rockstar-2-768x811.jpeg 768w, https:\/\/uberweedshop.co\/wp-content\/uploads\/2020\/12\/island-rockstar-2-11x12.jpeg 11w, https:\/\/uberweedshop.co\/wp-content\/uploads\/2020\/12\/island-rockstar-2-247x261.jpeg 247w, https:\/\/uberweedshop.co\/wp-content\/uploads\/2020\/12\/island-rockstar-2-510x538.jpeg 510w, https:\/\/uberweedshop.co\/wp-content\/uploads\/2020\/12\/island-rockstar-2.jpeg 1189w\" sizes=\"auto, (max-width: 758px) 100vw, 758px\" \/>\t\t\t\t\t\t\n\t\t\t\t\t<\/div>\n\t\t\t\t\t\t\t\t\n<style>\n#image_291690405 {\n  width: 100%;\n}\n<\/style>\n\t<\/div>\n\t\n\t\t<\/div>\n\t\t\t\t\t<\/div>\n\n\t\n<\/div>\n<div class=\"row\"  id=\"row-1853000878\">\n\n\t<div id=\"col-1890914811\" class=\"col medium-6 small-12 large-6\"  >\n\t\t\t\t<div class=\"col-inner\"  >\n\t\t\t\n\t\t\t\n\t<div class=\"img has-hover x md-x lg-x y md-y lg-y\" id=\"image_622392881\">\n\t\t\t\t\t\t\t\t<div class=\"img-inner image-cover dark\" style=\"padding-top:80%;\">\n\t\t\t<img loading=\"lazy\" decoding=\"async\" width=\"1000\" height=\"492\" src=\"https:\/\/uberweedshop.co\/wp-content\/uploads\/2020\/08\/buying-marijuana-online.png\" class=\"attachment-large size-large\" alt=\"\" srcset=\"https:\/\/uberweedshop.co\/wp-content\/uploads\/2020\/08\/buying-marijuana-online.png 1000w, https:\/\/uberweedshop.co\/wp-content\/uploads\/2020\/08\/buying-marijuana-online-800x394.png 800w, https:\/\/uberweedshop.co\/wp-content\/uploads\/2020\/08\/buying-marijuana-online-768x378.png 768w, https:\/\/uberweedshop.co\/wp-content\/uploads\/2020\/08\/buying-marijuana-online-18x9.png 18w, https:\/\/uberweedshop.co\/wp-content\/uploads\/2020\/08\/buying-marijuana-online-247x122.png 247w, https:\/\/uberweedshop.co\/wp-content\/uploads\/2020\/08\/buying-marijuana-online-510x251.png 510w\" sizes=\"auto, (max-width: 1000px) 100vw, 1000px\" \/>\t\t\t\t\t\t\n\t\t\t\t\t<\/div>\n\t\t\t\t\t\t\t\t\n<style>\n#image_622392881 {\n  width: 100%;\n}\n<\/style>\n\t<\/div>\n\t\n\t\t<\/div>\n\t\t\t\t\t<\/div>\n\n\t\n\n\t<div id=\"col-1915738775\" class=\"col medium-6 small-12 large-6\"  >\n\t\t\t\t<div class=\"col-inner\"  >\n\t\t\t\n\t\t\t\n<h2 style=\"text-align: center;color: #00a859\">Services chez UberWeed<\/h2>\n<p style=\"text-align: center\">Nous nous faisons \u00e9galement un devoir de rester aussi \u00e0 jour que possible sur les tendances du cannabis. Dormez tranquille car nous nous occupons du reste, nos membres sont toujours une priorit\u00e9. Les services que nous fournissons suivent une exigence de qualit\u00e9 stricte, ce qui signifie que tous vos produits livr\u00e9s sont discr\u00e8tement emball\u00e9s et scell\u00e9s sous vide \u00e0 la perfection.<\/p>\n\t\t<\/div>\n\t\t\t\t\t<\/div>\n\n\t\n<\/div>\n\t\t<\/div>\n\n\t\t\n<style>\n#section_1449709151 {\n  padding-top: 30px;\n  padding-bottom: 30px;\n}\n<\/style>\n\t<\/section>\n\t\n\n\t<section class=\"section\" id=\"section_2109757689\">\n\t\t<div class=\"section-bg fill\" >\n\t\t\t<img loading=\"lazy\" decoding=\"async\" width=\"1400\" height=\"299\" src=\"https:\/\/uberweedshop.co\/wp-content\/uploads\/2020\/08\/about_bg02-1400x299-1.png\" class=\"bg attachment- size-\" alt=\"\" \/>\t\t\t\t\t\t\n\t\t\t\n\n\t\t<\/div>\n\n\t\t\n\n\t\t<div class=\"section-content relative\">\n\t\t\t\n<div class=\"row\"  id=\"row-1454036790\">\n\n\t<div id=\"col-1408530069\" class=\"col medium-6 small-12 large-6\"  >\n\t\t\t\t<div class=\"col-inner text-left\"  >\n\t\t\t\n\t\t\t\n<h1>Alors qu&#039;est-ce que tu attends?<\/h1>\n<p>Passer votre commande. Nous nous occupons du reste !<\/p>\n\t\t<\/div>\n\t\t\t\t\t<\/div>\n\n\t\n\n\t<div id=\"col-745504579\" class=\"col medium-6 small-12 large-6\"  >\n\t\t\t\t<div class=\"col-inner text-right\"  >\n\t\t\t\n\t\t\t\n<a href=\"\/fr\/shop\/\" class=\"button white is-outline is-larger\"  >\n\t\t<span>Achetez maintenant<\/span>\n\t<\/a>\n\n\t\t<\/div>\n\t\t\t\t\n<style>\n#col-745504579 > .col-inner {\n  padding: 3px 0px 0px 0px;\n}\n<\/style>\n\t<\/div>\n\n\t\n<\/div>\n\t\t<\/div>\n\n\t\t\n<style>\n#section_2109757689 {\n  padding-top: 30px;\n  padding-bottom: 30px;\n}\n<\/style>\n\t<\/section>","protected":false},"excerpt":{"rendered":"","protected":false},"author":1,"featured_media":0,"parent":0,"menu_order":0,"comment_status":"closed","ping_status":"open","template":"page-blank.php","meta":{"footnotes":""},"class_list":["post-415","page","type-page","status-publish","hentry"],"yoast_head":"<!-- This site is optimized with the Yoast SEO Premium plugin v27.1 (Yoast SEO v27.1.1) - https:\/\/yoast.com\/product\/yoast-seo-premium-wordpress\/ -->\n<title>About us - UberweedShop | Toronto Weed Delivery<\/title>\n<meta name=\"description\" content=\"About us Almost every day we have deals and gift for our customers. Enjou our service and fast delivery in GTA area.\" \/>\n<meta name=\"robots\" content=\"index, follow, max-snippet:-1, max-image-preview:large, max-video-preview:-1\" \/>\n<link rel=\"canonical\" href=\"https:\/\/uberweedshop.com\/about-us\/\" \/>\n<meta property=\"og:locale\" content=\"fr_CA\" \/>\n<meta property=\"og:type\" content=\"article\" \/>\n<meta property=\"og:title\" content=\"About us\" \/>\n<meta property=\"og:description\" content=\"About us Almost every day we have deals and gift for our customers. Enjoy our service and fast delivery in GTA area.\" \/>\n<meta property=\"og:url\" content=\"https:\/\/uberweedshop.com\/about-us\/\" \/>\n<meta property=\"og:site_name\" content=\"UberweedShop | Toronto Weed Delivery\" \/>\n<meta property=\"article:modified_time\" content=\"2022-12-08T14:18:10+00:00\" \/>\n<meta property=\"og:image\" content=\"https:\/\/uberweedshop.co\/wp-content\/uploads\/uber-logo.png\" \/>\n\t<meta property=\"og:image:width\" content=\"1100\" \/>\n\t<meta property=\"og:image:height\" content=\"550\" \/>\n\t<meta property=\"og:image:type\" content=\"image\/png\" \/>\n<meta name=\"twitter:card\" content=\"summary_large_image\" \/>\n<meta name=\"twitter:label1\" content=\"Estimation du temps de lecture\" \/>\n\t<meta name=\"twitter:data1\" content=\"2 minutes\" \/>\n<script type=\"application\/ld+json\" class=\"yoast-schema-graph\">{\"@context\":\"https:\/\/schema.org\",\"@graph\":[{\"@type\":\"WebPage\",\"@id\":\"https:\/\/uberweedshop.com\/about-us\/\",\"url\":\"https:\/\/uberweedshop.com\/about-us\/\",\"name\":\"About us - UberweedShop | Toronto Weed Delivery\",\"isPartOf\":{\"@id\":\"https:\/\/uberweedshop.co\/#website\"},\"datePublished\":\"2020-08-07T13:29:36+00:00\",\"dateModified\":\"2022-12-08T14:18:10+00:00\",\"description\":\"About us Almost every day we have deals and gift for our customers. Enjou our service and fast delivery in GTA area.\",\"breadcrumb\":{\"@id\":\"https:\/\/uberweedshop.com\/about-us\/#breadcrumb\"},\"inLanguage\":\"fr-CA\",\"potentialAction\":[{\"@type\":\"ReadAction\",\"target\":[\"https:\/\/uberweedshop.com\/about-us\/\"]}]},{\"@type\":\"BreadcrumbList\",\"@id\":\"https:\/\/uberweedshop.com\/about-us\/#breadcrumb\",\"itemListElement\":[{\"@type\":\"ListItem\",\"position\":1,\"name\":\"Home\",\"item\":\"https:\/\/uberweedshop.co\/\"},{\"@type\":\"ListItem\",\"position\":2,\"name\":\"About us\"}]},{\"@type\":\"WebSite\",\"@id\":\"https:\/\/uberweedshop.co\/#website\",\"url\":\"https:\/\/uberweedshop.co\/\",\"name\":\"UberweedShop | Toronto Weed Delivery\",\"description\":\"Uberweed reigns supreme in Toronto&#039;s cannabis scene, offering lightning-fast online weed purchases in the GTA with the most competitive prices. Plus, orders over $80 score you free delivery.\",\"publisher\":{\"@id\":\"https:\/\/uberweedshop.co\/#organization\"},\"potentialAction\":[{\"@type\":\"SearchAction\",\"target\":{\"@type\":\"EntryPoint\",\"urlTemplate\":\"https:\/\/uberweedshop.co\/?s={search_term_string}\"},\"query-input\":{\"@type\":\"PropertyValueSpecification\",\"valueRequired\":true,\"valueName\":\"search_term_string\"}}],\"inLanguage\":\"fr-CA\"},{\"@type\":\"Organization\",\"@id\":\"https:\/\/uberweedshop.co\/#organization\",\"name\":\"UberweedShop\",\"url\":\"https:\/\/uberweedshop.co\/\",\"logo\":{\"@type\":\"ImageObject\",\"inLanguage\":\"fr-CA\",\"@id\":\"https:\/\/uberweedshop.co\/#\/schema\/logo\/image\/\",\"url\":\"https:\/\/uberweedshop.co\/wp-content\/uploads\/uber-logo.png\",\"contentUrl\":\"https:\/\/uberweedshop.co\/wp-content\/uploads\/uber-logo.png\",\"width\":1100,\"height\":550,\"caption\":\"UberweedShop\"},\"image\":{\"@id\":\"https:\/\/uberweedshop.co\/#\/schema\/logo\/image\/\"}}]}<\/script>\n<!-- \/ Yoast SEO Premium plugin. -->","yoast_head_json":{"title":"\u00c0 propos de nous - UberweedShop | Livraison de mauvaises herbes \u00e0 Toronto","description":"About us Almost every day we have deals and gift for our customers. Enjou our service and fast delivery in GTA area.","robots":{"index":"index","follow":"follow","max-snippet":"max-snippet:-1","max-image-preview":"max-image-preview:large","max-video-preview":"max-video-preview:-1"},"canonical":"https:\/\/uberweedshop.com\/about-us\/","og_locale":"fr_CA","og_type":"article","og_title":"About us","og_description":"About us Almost every day we have deals and gift for our customers. Enjoy our service and fast delivery in GTA area.","og_url":"https:\/\/uberweedshop.com\/about-us\/","og_site_name":"UberweedShop | Toronto Weed Delivery","article_modified_time":"2022-12-08T14:18:10+00:00","og_image":[{"width":1100,"height":550,"url":"https:\/\/uberweedshop.co\/wp-content\/uploads\/uber-logo.png","type":"image\/png"}],"twitter_card":"summary_large_image","twitter_misc":{"Estimation du temps de lecture":"2 minutes"},"schema":{"@context":"https:\/\/schema.org","@graph":[{"@type":"WebPage","@id":"https:\/\/uberweedshop.com\/about-us\/","url":"https:\/\/uberweedshop.com\/about-us\/","name":"\u00c0 propos de nous - UberweedShop | Livraison de mauvaises herbes \u00e0 Toronto","isPartOf":{"@id":"https:\/\/uberweedshop.co\/#website"},"datePublished":"2020-08-07T13:29:36+00:00","dateModified":"2022-12-08T14:18:10+00:00","description":"About us Almost every day we have deals and gift for our customers. Enjou our service and fast delivery in GTA area.","breadcrumb":{"@id":"https:\/\/uberweedshop.com\/about-us\/#breadcrumb"},"inLanguage":"fr-CA","potentialAction":[{"@type":"ReadAction","target":["https:\/\/uberweedshop.com\/about-us\/"]}]},{"@type":"BreadcrumbList","@id":"https:\/\/uberweedshop.com\/about-us\/#breadcrumb","itemListElement":[{"@type":"ListItem","position":1,"name":"Home","item":"https:\/\/uberweedshop.co\/"},{"@type":"ListItem","position":2,"name":"About us"}]},{"@type":"WebSite","@id":"https:\/\/uberweedshop.co\/#website","url":"https:\/\/uberweedshop.co\/","name":"UberweedBoutique | Livraison de mauvaises herbes \u00e0 Toronto","description":"Uberweed reigns supreme in Toronto&#039;s cannabis scene, offering lightning-fast online weed purchases in the GTA with the most competitive prices. Plus, orders over $80 score you free delivery.","publisher":{"@id":"https:\/\/uberweedshop.co\/#organization"},"potentialAction":[{"@type":"SearchAction","target":{"@type":"EntryPoint","urlTemplate":"https:\/\/uberweedshop.co\/?s={search_term_string}"},"query-input":{"@type":"PropertyValueSpecification","valueRequired":true,"valueName":"search_term_string"}}],"inLanguage":"fr-CA"},{"@type":"Organization","@id":"https:\/\/uberweedshop.co\/#organization","name":"UberweedShop","url":"https:\/\/uberweedshop.co\/","logo":{"@type":"ImageObject","inLanguage":"fr-CA","@id":"https:\/\/uberweedshop.co\/#\/schema\/logo\/image\/","url":"https:\/\/uberweedshop.co\/wp-content\/uploads\/uber-logo.png","contentUrl":"https:\/\/uberweedshop.co\/wp-content\/uploads\/uber-logo.png","width":1100,"height":550,"caption":"UberweedShop"},"image":{"@id":"https:\/\/uberweedshop.co\/#\/schema\/logo\/image\/"}}]}},"_links":{"self":[{"href":"https:\/\/uberweedshop.co\/fr\/wp-json\/wp\/v2\/pages\/415","targetHints":{"allow":["GET"]}}],"collection":[{"href":"https:\/\/uberweedshop.co\/fr\/wp-json\/wp\/v2\/pages"}],"about":[{"href":"https:\/\/uberweedshop.co\/fr\/wp-json\/wp\/v2\/types\/page"}],"author":[{"embeddable":true,"href":"https:\/\/uberweedshop.co\/fr\/wp-json\/wp\/v2\/users\/1"}],"replies":[{"embeddable":true,"href":"https:\/\/uberweedshop.co\/fr\/wp-json\/wp\/v2\/comments?post=415"}],"version-history":[{"count":0,"href":"https:\/\/uberweedshop.co\/fr\/wp-json\/wp\/v2\/pages\/415\/revisions"}],"wp:attachment":[{"href":"https:\/\/uberweedshop.co\/fr\/wp-json\/wp\/v2\/media?parent=415"}],"curies":[{"name":"wp","href":"https:\/\/api.w.org\/{rel}","templated":true}]}}